{"id":7198,"date":"2024-07-26T14:29:22","date_gmt":"2024-07-26T12:29:22","guid":{"rendered":"https:\/\/www.campingesplanade.fr\/activiteiten-animaties\/"},"modified":"2025-03-20T14:08:01","modified_gmt":"2025-03-20T13:08:01","slug":"activiteiten-animaties","status":"publish","type":"page","link":"https:\/\/www.campingesplanade.fr\/nl\/activiteiten-animaties\/","title":{"rendered":"Activiteiten en animaties"},"content":{"rendered":"\n<section class=\"wp-block-group section_header-home slider\">\n<figure class=\"wp-block-gallery columns-2 is-cropped section_diaporama\"><ul class=\"blocks-gallery-grid\"><li class=\"blocks-gallery-item\"><figure><img width=\"1200\" height=\"800\" src=\"https:\/\/www.campingesplanade.fr\/wp-content\/uploads\/2021\/08\/vue-aerienne-du-restaurant.jpg\" alt=\"Luchtzicht op het restaurant en het waterpark - Zone voor activiteiten en animaties - Camping l'Esplanade in Olmeto\" data-id=\"911\" data-full-url=\"https:\/\/www.campingesplanade.fr\/wp-content\/uploads\/2021\/08\/vue-aerienne-du-restaurant.jpg\" data-link=\"https:\/\/www.campingesplanade.fr\/transport\/vue-aerienne-du-restaurant\/\" class=\"wp-image-911\" srcset=\"https:\/\/www.campingesplanade.fr\/wp-content\/uploads\/2021\/08\/vue-aerienne-du-restaurant.jpg 1200w, https:\/\/www.campingesplanade.fr\/wp-content\/uploads\/2021\/08\/vue-aerienne-du-restaurant-300x200.jpg 300w, https:\/\/www.campingesplanade.fr\/wp-content\/uploads\/2021\/08\/vue-aerienne-du-restaurant-1024x683.jpg 1024w, https:\/\/www.campingesplanade.fr\/wp-content\/uploads\/2021\/08\/vue-aerienne-du-restaurant-768x512.jpg 768w\" sizes=\"(max-width: 1200px) 100vw, 1200px\" \/><figcaption class=\"blocks-gallery-item__caption\">Luchtfoto van het restaurant<\/figcaption><\/figure><\/li><li class=\"blocks-gallery-item\"><figure><img width=\"1280\" height=\"960\" src=\"https:\/\/www.campingesplanade.fr\/wp-content\/uploads\/2021\/09\/IMG_7603.webp\" alt=\"Camping L'esplanade : Img 7603\" data-id=\"1565\" data-full-url=\"https:\/\/www.campingesplanade.fr\/wp-content\/uploads\/2021\/09\/IMG_7603.webp\" data-link=\"https:\/\/www.campingesplanade.fr\/services\/img_7603\/\" class=\"wp-image-1565\" srcset=\"https:\/\/www.campingesplanade.fr\/wp-content\/uploads\/2021\/09\/IMG_7603.webp 1280w, https:\/\/www.campingesplanade.fr\/wp-content\/uploads\/2021\/09\/IMG_7603-300x225.webp 300w, https:\/\/www.campingesplanade.fr\/wp-content\/uploads\/2021\/09\/IMG_7603-1024x768.webp 1024w, https:\/\/www.campingesplanade.fr\/wp-content\/uploads\/2021\/09\/IMG_7603-768x576.webp 768w\" sizes=\"(max-width: 1280px) 100vw, 1280px\" \/><\/figure><\/li><\/ul><\/figure>\n\n\n\n<p><\/p>\n<\/section>\n\n<div class=\"wp-block-group section_introduction\"><div class=\"wp-block-group__inner-container\">\n<h1>Activiteiten en animaties op onze camping in Olmeto<\/h1>\n\n\n\n<p>Bij de kwaliteit van de accommodaties en diensten van onze <a href=\"https:\/\/www.campingesplanade.fr\/nl\/\" target=\"_blank\" rel=\"noreferrer noopener\">camping in Olmeto<\/a> komt een breed scala aan animaties en activiteiten. Camping l&#8217;Esplanade hecht er veel waarde aan om u <strong>familie- en sportactiviteiten<\/strong> aan te bieden, zodat u een <strong>geslaagde vakantie in Zuid-Corsica<\/strong> beleeft! <\/p>\n<\/div><\/div>\n\n<div class=\"wp-block-group section_duo-texte-photo\"><div class=\"wp-block-group__inner-container\">\n<div class=\"wp-block-columns\">\n<div class=\"wp-block-column\">\n<figure class=\"wp-block-gallery columns-3 is-cropped section_diaporama\"><ul class=\"blocks-gallery-grid\"><li class=\"blocks-gallery-item\"><figure><img width=\"1024\" height=\"683\" src=\"https:\/\/www.campingesplanade.fr\/wp-content\/uploads\/2021\/08\/l-aire-de-jeux-1024x683.jpg\" alt=\"Speelhulpmiddelen voor kinderen - Activiteiten op de camping in Olmeto\" data-id=\"953\" data-full-url=\"https:\/\/www.campingesplanade.fr\/wp-content\/uploads\/2021\/08\/l-aire-de-jeux.jpg\" data-link=\"https:\/\/www.campingesplanade.fr\/services\/l-aire-de-jeux\/\" class=\"wp-image-953\" srcset=\"https:\/\/www.campingesplanade.fr\/wp-content\/uploads\/2021\/08\/l-aire-de-jeux-1024x683.jpg 1024w, https:\/\/www.campingesplanade.fr\/wp-content\/uploads\/2021\/08\/l-aire-de-jeux-300x200.jpg 300w, https:\/\/www.campingesplanade.fr\/wp-content\/uploads\/2021\/08\/l-aire-de-jeux-768x512.jpg 768w, https:\/\/www.campingesplanade.fr\/wp-content\/uploads\/2021\/08\/l-aire-de-jeux.jpg 1200w\" sizes=\"(max-width: 1024px) 100vw, 1024px\" \/><\/figure><\/li><li class=\"blocks-gallery-item\"><figure><img width=\"640\" height=\"480\" src=\"https:\/\/www.campingesplanade.fr\/wp-content\/uploads\/2022\/03\/IMG_7611.jpg\" alt=\"Vakantiegangers rond het zwembad van de camping in Olmeto - Animaties en activiteiten\" data-id=\"2687\" data-full-url=\"https:\/\/www.campingesplanade.fr\/wp-content\/uploads\/2022\/03\/IMG_7611.jpg\" data-link=\"https:\/\/www.campingesplanade.fr\/services\/img_7611-2\/\" class=\"wp-image-2687\" srcset=\"https:\/\/www.campingesplanade.fr\/wp-content\/uploads\/2022\/03\/IMG_7611.jpg 640w, https:\/\/www.campingesplanade.fr\/wp-content\/uploads\/2022\/03\/IMG_7611-300x225.jpg 300w\" sizes=\"(max-width: 640px) 100vw, 640px\" \/><\/figure><\/li><li class=\"blocks-gallery-item\"><figure><img width=\"640\" height=\"480\" src=\"https:\/\/www.campingesplanade.fr\/wp-content\/uploads\/2022\/04\/IMG_8089.jpg\" alt=\"Jeu-de-boulesbaan voor animaties en activiteiten op camping l'Esplanade in Olmeto\" data-id=\"2782\" data-full-url=\"https:\/\/www.campingesplanade.fr\/wp-content\/uploads\/2022\/04\/IMG_8089.jpg\" data-link=\"https:\/\/www.campingesplanade.fr\/services\/img_8089\/\" class=\"wp-image-2782\" srcset=\"https:\/\/www.campingesplanade.fr\/wp-content\/uploads\/2022\/04\/IMG_8089.jpg 640w, https:\/\/www.campingesplanade.fr\/wp-content\/uploads\/2022\/04\/IMG_8089-300x225.jpg 300w\" sizes=\"(max-width: 640px) 100vw, 640px\" \/><\/figure><\/li><\/ul><\/figure>\n\n\n\n<p><\/p>\n<\/div>\n\n\n\n<div class=\"wp-block-column is-vertically-aligned-center\">\n<h2>Activiteiten en animaties voor het hele gezin<\/h2>\n\n\n\n<p><strong>De teams van onze camping in Olmeto<\/strong> hebben \u00e9\u00e9n doel: u de beste vakantie in Zuid-Corsica bezorgen! Daarom heeft camping l&#8217;Esplanade aan alles gedacht, met speciaal ingerichte zones voor vermaak en leuke <strong>familieactiviteiten<\/strong>. <\/p>\n\n\n\n<p>Zo ontdekt u een <strong>speelterrein voor de kinderen<\/strong>, met een <strong>glijbaan<\/strong> om eindeloos vanaf te roetsjen! Niet ver daarvandaan staan de tafeltennistafels, perfect voor spannende wedstrijden met uw nieuwe campingvrienden. <\/p>\n\n\n\n<p>Een andere niet te missen plek is het <strong>jeu-de-boulesveld<\/strong>, waar gezelligheid en plezier samenkomen. Wedden dat uw behendigheid verbetert tijdens de vakantie en dat u meedoet aan de <strong>bouletoernooien die door onze animatoren worden georganiseerd<\/strong>! <\/p>\n\n\n\n<p>Voor vakantiegangers die op zoek zijn naar sportieve activiteiten, zijn er volop faciliteiten om zich uit te leven op <strong>camping l&#8217;Esplanade<\/strong>. Een <strong>fitnessruimte<\/strong> helpt u om in vorm te blijven, en op het <strong>multisportterrein<\/strong> kunt u terecht voor spannende voetbal-, basketbal- of handbalwedstrijden. <\/p>\n\n\n\n<p><\/p>\n<\/div>\n<\/div>\n\n\n\n<div style=\"height:20px\" aria-hidden=\"true\" class=\"wp-block-spacer\"><\/div>\n\n\n\n<p>&#8216;s Avonds beleeft u onvergetelijke momenten van gezelligheid en vermaak in Olmeto. Op het animatieprogramma: sfeervolle diners in het restaurant met uitzicht op de Golf van Valinco-Propriano, concerten, muzikale avonden aan het <a href=\"https:\/\/www.campingesplanade.fr\/nl\/camping-corsica-zwembad\/\" target=\"_blank\" rel=\"noreferrer noopener\">zwembad<\/a>\u2026 of zelfs direct in het water! Dit is het perfecte moment om nieuwe mensen te ontmoeten en optimaal van uw vakantie te genieten om helemaal te ontspannen!  <\/p>\n<\/div><\/div>\n\n<div class=\"wp-block-columns section_listing\">\n<div class=\"wp-block-column contenu\" style=\"flex-basis:100%\">\n<div class=\"wp-block-columns\">\n<div class=\"wp-block-column is-vertically-aligned-center\" style=\"flex-basis:33.33%\">\n<h2 class=\"has-text-align-left\">Bij ons zult u zich geen moment vervelen!<\/h2>\n\n\n\n<figure class=\"wp-block-image size-full\"><img width=\"600\" height=\"337\" src=\"https:\/\/www.campingesplanade.fr\/wp-content\/uploads\/2024\/07\/2022-09-22-edited.jpg\" alt=\"Camping L'esplanade : 2022 09 22\" class=\"wp-image-6049\" srcset=\"https:\/\/www.campingesplanade.fr\/wp-content\/uploads\/2024\/07\/2022-09-22-edited.jpg 600w, https:\/\/www.campingesplanade.fr\/wp-content\/uploads\/2024\/07\/2022-09-22-edited-300x169.jpg 300w\" sizes=\"(max-width: 600px) 100vw, 600px\" \/><\/figure>\n<\/div>\n\n\n\n<div class=\"wp-block-column\" style=\"flex-basis:66.66%\">\n<h2>Activiteiten in het hoog- en laagseizoen<\/h2>\n\n\n\n<p>Vanaf de opening in april tot het einde van het seizoen biedt onze <strong>camping in Zuid-Corsica<\/strong> een breed <strong>scala aan activiteiten<\/strong> voor iedereen.<\/p>\n\n\n\n<h3>Campingactiviteiten in juli en augustus<\/h3>\n\n\n\n<p>Pak uw koffers uit op camping l&#8217;Esplanade en ontspan! Kies tussen onze <a href=\"https:\/\/www.campingesplanade.fr\/nl\/stacaravans-corsica\/\" target=\"_blank\" rel=\"noreferrer noopener\">stacaravans<\/a> en <a href=\"https:\/\/www.campingesplanade.fr\/nl\/stacaravans-corsica\/\" target=\"_blank\" rel=\"noreferrer noopener\">kampeerplaatsen in het hart van Corsica<\/a>, en geniet van de <strong>activiteiten die tijdens het zomerseizoen worden georganiseerd<\/strong> \u2013 verveling is geen optie! Vakantie is de perfecte tijd om voor uzelf te zorgen, dus laat u verleiden door de ochtendsessies aquagym in het infinity pool om de dag goed te beginnen. Onze teams organiseren ook p\u00e9tanque-toernooien en op de sportvelden kunnen de voetbalkampioenen zich uitleven!   <\/p>\n\n\n\n<h3>Campingactiviteiten van april tot november<\/h3>\n\n\n\n<p class=\"has-text-align-left\">Als u ervoor kiest om buiten het hoogseizoen in onze <strong>camping in Olmeto<\/strong> te verblijven, zult u niets tekortkomen. Gedurende de hele openingsperiode van de camping worden er activiteiten georganiseerd om uw vakantie nog aangenamer te maken. <strong>De speeltuin<\/strong> voor kinderen is het hele seizoen geopend, van april tot november. Ook de <strong>tafeltennistafel en het tafelvoetbalspel<\/strong> zijn altijd beschikbaar, net als het multisportterrein en natuurlijk het <strong>jeu-de-boulesveld<\/strong> \u2013 want er is geen specifieke tijd van het jaar om een potje boules te spelen! <\/p>\n<\/div>\n<\/div>\n<\/div>\n<\/div>\n\n<div class=\"wp-block-group section_duo-texte-photo\"><div class=\"wp-block-group__inner-container\">\n<div class=\"wp-block-columns\">\n<div class=\"wp-block-column\">\n<figure class=\"wp-block-gallery columns-3 is-cropped section_diaporama\"><ul class=\"blocks-gallery-grid\"><li class=\"blocks-gallery-item\"><figure><img width=\"636\" height=\"856\" src=\"https:\/\/www.campingesplanade.fr\/wp-content\/uploads\/2021\/07\/baraccinatura.jpg\" alt=\"Baracci Natura - Activiteit in Zuid-Corsica - Camping l'Esplanade\" data-id=\"475\" data-full-url=\"https:\/\/www.campingesplanade.fr\/wp-content\/uploads\/2021\/07\/baraccinatura.jpg\" data-link=\"https:\/\/www.campingesplanade.fr\/alentours\/baracci-natura\/baraccinatura\/\" class=\"wp-image-475\" srcset=\"https:\/\/www.campingesplanade.fr\/wp-content\/uploads\/2021\/07\/baraccinatura.jpg 636w, https:\/\/www.campingesplanade.fr\/wp-content\/uploads\/2021\/07\/baraccinatura-223x300.jpg 223w\" sizes=\"(max-width: 636px) 100vw, 636px\" \/><\/figure><\/li><li class=\"blocks-gallery-item\"><figure><img width=\"1000\" height=\"667\" src=\"https:\/\/www.campingesplanade.fr\/wp-content\/uploads\/2024\/03\/ADO-Vue-de-Propriano.jpg\" alt=\"Golf van Valinco-Propriano - Activiteiten - Camping l'Esplanade \" data-id=\"5027\" data-full-url=\"https:\/\/www.campingesplanade.fr\/wp-content\/uploads\/2024\/03\/ADO-Vue-de-Propriano.jpg\" data-link=\"https:\/\/www.campingesplanade.fr\/ado-vue-de-propriano-2\/\" class=\"wp-image-5027\" srcset=\"https:\/\/www.campingesplanade.fr\/wp-content\/uploads\/2024\/03\/ADO-Vue-de-Propriano.jpg 1000w, https:\/\/www.campingesplanade.fr\/wp-content\/uploads\/2024\/03\/ADO-Vue-de-Propriano-300x200.jpg 300w, https:\/\/www.campingesplanade.fr\/wp-content\/uploads\/2024\/03\/ADO-Vue-de-Propriano-768x512.jpg 768w\" sizes=\"(max-width: 1000px) 100vw, 1000px\" \/><\/figure><\/li><li class=\"blocks-gallery-item\"><figure><img width=\"764\" height=\"520\" src=\"https:\/\/www.campingesplanade.fr\/wp-content\/uploads\/2021\/07\/jjc-hd-campomoro-17-jpeg.jpg\" alt=\"Activiteit in Zuid-Corsica - Toren van Campomoro - Camping l'Esplanade\" data-id=\"485\" data-full-url=\"https:\/\/www.campingesplanade.fr\/wp-content\/uploads\/2021\/07\/jjc-hd-campomoro-17-jpeg.jpg\" data-link=\"https:\/\/www.campingesplanade.fr\/alentours\/la-tour-de-campomoro\/jjc-hd-campomoro-17-jpeg\/\" class=\"wp-image-485\" srcset=\"https:\/\/www.campingesplanade.fr\/wp-content\/uploads\/2021\/07\/jjc-hd-campomoro-17-jpeg.jpg 764w, https:\/\/www.campingesplanade.fr\/wp-content\/uploads\/2021\/07\/jjc-hd-campomoro-17-jpeg-300x204.jpg 300w\" sizes=\"(max-width: 764px) 100vw, 764px\" \/><\/figure><\/li><\/ul><\/figure>\n\n\n\n<p><\/p>\n<\/div>\n\n\n\n<div class=\"wp-block-column is-vertically-aligned-center\">\n<h2>De omgeving van onze camping in Zuid-Corsica ontdekken<\/h2>\n\n\n\n<p>Dankzij de perfecte ligging kunt u genieten van <strong>tal van activiteiten in de omgeving van onze camping, tussen Olmeto en Propriano<\/strong>. In het hart van de prachtige <a href=\"https:\/\/www.campingesplanade.fr\/nl\/visit-corsica\/golfe-de-valinco-propriano\/\" target=\"_blank\" rel=\"noreferrer noopener\">Golf van Valinco-Propriano<\/a> heeft u directe toegang tot het strand, waar u een duik kunt nemen in het warme water van de Middellandse Zee. Daarnaast kunt u gemakkelijk op pad gaan voor een <strong>wandeling of een mountainbiketocht door het bos<\/strong>. <\/p>\n\n\n\n<p>Als u van adrenaline houdt, is deze regio perfect voor u! Op zee kunt u genieten van een rit op een jetski, terwijl het <strong>Baracci-terrein<\/strong> in het binnenland een must is voor <strong>canyoning<\/strong> en <strong>via ferrata<\/strong>. Wilt u nog hoger de lucht in? Waag dan een parachutesprong boven de Golf van Valinco! Dankzij de nabijheid van de stranden kunt u <strong>ook<\/strong> <strong>duiken<\/strong>, <strong>snorkelen<\/strong> en <strong>paddleboarden<\/strong>, en er is een ruime keuze aan <strong>bootexcursies<\/strong> om de kustlijn vanuit een ander perspectief te ontdekken.    <\/p>\n\n\n\n<p>De rijkdom van de regio zal u ongetwijfeld betoveren met een breed scala aan activiteiten, die perfect aansluiten bij de <strong>animaties en activiteiten van camping l&#8217;Esplanade<\/strong>. Alles is erop gericht om u een onvergetelijke vakantie te bezorgen!<\/p>\n<\/div>\n<\/div>\n<\/div><\/div>\n","protected":false},"excerpt":{"rendered":"<p>Activiteiten en animaties op onze camping in Olmeto Bij de kwaliteit van de accommodaties en diensten van onze camping in Olmeto komt een breed scala aan animaties en activiteiten. Camping l&#8217;Esplanade hecht er veel waarde aan om u familie- en sportactiviteiten aan te bieden, zodat u een geslaagde vakantie in Zuid-Corsica beleeft! Activiteiten en animaties [&hellip;]<\/p>\n","protected":false},"author":1,"featured_media":4211,"parent":0,"menu_order":0,"comment_status":"closed","ping_status":"closed","template":"","meta":[],"yoast_head":"<!-- This site is optimized with the Yoast SEO plugin v17.2.1 - https:\/\/yoast.com\/wordpress\/plugins\/seo\/ -->\n<title>Activiteiten en animaties | Camping l&#039;Esplanade op Corsica<\/title>\n<meta name=\"description\" content=\"Geniet van alle faciliteiten van onze 4-sterrencamping in Olmeto en beleef plezier met tal van activiteiten en animaties in Zuid-Corsica!\" \/>\n<meta name=\"robots\" content=\"index, follow, max-snippet:-1, max-image-preview:large, max-video-preview:-1\" \/>\n<link rel=\"canonical\" href=\"https:\/\/www.campingesplanade.fr\/nl\/activiteiten-animaties\/\" \/>\n<meta property=\"og:locale\" content=\"nl_NL\" \/>\n<meta property=\"og:type\" content=\"article\" \/>\n<meta property=\"og:title\" content=\"Activiteiten en animaties | Camping l&#039;Esplanade op Corsica\" \/>\n<meta property=\"og:description\" content=\"Geniet van alle faciliteiten van onze 4-sterrencamping in Olmeto en beleef plezier met tal van activiteiten en animaties in Zuid-Corsica!\" \/>\n<meta property=\"og:url\" content=\"https:\/\/www.campingesplanade.fr\/nl\/activiteiten-animaties\/\" \/>\n<meta property=\"og:site_name\" content=\"Camping l&#039;Esplanade\" \/>\n<meta property=\"article:modified_time\" content=\"2025-03-20T13:08:01+00:00\" \/>\n<meta property=\"og:image\" content=\"https:\/\/www.campingesplanade.fr\/wp-content\/uploads\/2021\/08\/vue-aerienne-du-restaurant.jpg\" \/>\n\t<meta property=\"og:image:width\" content=\"1200\" \/>\n\t<meta property=\"og:image:height\" content=\"800\" \/>\n<meta name=\"twitter:card\" content=\"summary_large_image\" \/>\n<meta name=\"twitter:label1\" content=\"Est. reading time\" \/>\n\t<meta name=\"twitter:data1\" content=\"3 minutes\" \/>\n<script type=\"application\/ld+json\" class=\"yoast-schema-graph\">{\"@context\":\"https:\/\/schema.org\",\"@graph\":[{\"@type\":\"WebSite\",\"@id\":\"https:\/\/www.campingesplanade.fr\/#website\",\"url\":\"https:\/\/www.campingesplanade.fr\/\",\"name\":\"Camping l'Esplanade\",\"description\":\"3-sterren camping in Corsica\",\"potentialAction\":[{\"@type\":\"SearchAction\",\"target\":{\"@type\":\"EntryPoint\",\"urlTemplate\":\"https:\/\/www.campingesplanade.fr\/?s={search_term_string}\"},\"query-input\":\"required name=search_term_string\"}],\"inLanguage\":\"nl-NL\"},{\"@type\":\"ImageObject\",\"@id\":\"https:\/\/www.campingesplanade.fr\/nl\/activiteiten-animaties\/#primaryimage\",\"inLanguage\":\"nl-NL\",\"url\":\"https:\/\/www.campingesplanade.fr\/wp-content\/uploads\/2021\/08\/vue-aerienne-du-restaurant.jpg\",\"contentUrl\":\"https:\/\/www.campingesplanade.fr\/wp-content\/uploads\/2021\/08\/vue-aerienne-du-restaurant.jpg\",\"width\":1200,\"height\":800,\"caption\":\"Vue A\\u00e9rienne Du Restaurant\"},{\"@type\":\"WebPage\",\"@id\":\"https:\/\/www.campingesplanade.fr\/nl\/activiteiten-animaties\/#webpage\",\"url\":\"https:\/\/www.campingesplanade.fr\/nl\/activiteiten-animaties\/\",\"name\":\"Activiteiten en animaties | Camping l'Esplanade op Corsica\",\"isPartOf\":{\"@id\":\"https:\/\/www.campingesplanade.fr\/#website\"},\"primaryImageOfPage\":{\"@id\":\"https:\/\/www.campingesplanade.fr\/nl\/activiteiten-animaties\/#primaryimage\"},\"datePublished\":\"2024-07-26T12:29:22+00:00\",\"dateModified\":\"2025-03-20T13:08:01+00:00\",\"description\":\"Geniet van alle faciliteiten van onze 4-sterrencamping in Olmeto en beleef plezier met tal van activiteiten en animaties in Zuid-Corsica!\",\"breadcrumb\":{\"@id\":\"https:\/\/www.campingesplanade.fr\/nl\/activiteiten-animaties\/#breadcrumb\"},\"inLanguage\":\"nl-NL\",\"potentialAction\":[{\"@type\":\"ReadAction\",\"target\":[\"https:\/\/www.campingesplanade.fr\/nl\/activiteiten-animaties\/\"]}]},{\"@type\":\"BreadcrumbList\",\"@id\":\"https:\/\/www.campingesplanade.fr\/nl\/activiteiten-animaties\/#breadcrumb\",\"itemListElement\":[{\"@type\":\"ListItem\",\"position\":1,\"name\":\"Accueil\",\"item\":\"https:\/\/www.campingesplanade.fr\/nl\/\"},{\"@type\":\"ListItem\",\"position\":2,\"name\":\"Activiteiten en animaties\"}]}]}<\/script>\n<!-- \/ Yoast SEO plugin. -->","yoast_head_json":{"title":"Activiteiten en animaties | Camping l'Esplanade op Corsica","description":"Geniet van alle faciliteiten van onze 4-sterrencamping in Olmeto en beleef plezier met tal van activiteiten en animaties in Zuid-Corsica!","robots":{"index":"index","follow":"follow","max-snippet":"max-snippet:-1","max-image-preview":"max-image-preview:large","max-video-preview":"max-video-preview:-1"},"canonical":"https:\/\/www.campingesplanade.fr\/nl\/activiteiten-animaties\/","og_locale":"nl_NL","og_type":"article","og_title":"Activiteiten en animaties | Camping l'Esplanade op Corsica","og_description":"Geniet van alle faciliteiten van onze 4-sterrencamping in Olmeto en beleef plezier met tal van activiteiten en animaties in Zuid-Corsica!","og_url":"https:\/\/www.campingesplanade.fr\/nl\/activiteiten-animaties\/","og_site_name":"Camping l'Esplanade","article_modified_time":"2025-03-20T13:08:01+00:00","og_image":[{"width":1200,"height":800,"url":"https:\/\/www.campingesplanade.fr\/wp-content\/uploads\/2021\/08\/vue-aerienne-du-restaurant.jpg","path":"\/home\/esplanade\/public_html\/wp-content\/uploads\/2021\/08\/vue-aerienne-du-restaurant.jpg","size":"full","id":4211,"alt":"Vue a\u00e9rienne restaurant et espace aquatique - Zone pour activit\u00e9s et animations - Camping l'Esplanade \u00e0 Olmeto","pixels":960000,"type":"image\/jpeg"}],"twitter_card":"summary_large_image","twitter_misc":{"Est. reading time":"3 minutes"},"schema":{"@context":"https:\/\/schema.org","@graph":[{"@type":"WebSite","@id":"https:\/\/www.campingesplanade.fr\/#website","url":"https:\/\/www.campingesplanade.fr\/","name":"Camping l'Esplanade","description":"3-sterren camping in Corsica","potentialAction":[{"@type":"SearchAction","target":{"@type":"EntryPoint","urlTemplate":"https:\/\/www.campingesplanade.fr\/?s={search_term_string}"},"query-input":"required name=search_term_string"}],"inLanguage":"nl-NL"},{"@type":"ImageObject","@id":"https:\/\/www.campingesplanade.fr\/nl\/activiteiten-animaties\/#primaryimage","inLanguage":"nl-NL","url":"https:\/\/www.campingesplanade.fr\/wp-content\/uploads\/2021\/08\/vue-aerienne-du-restaurant.jpg","contentUrl":"https:\/\/www.campingesplanade.fr\/wp-content\/uploads\/2021\/08\/vue-aerienne-du-restaurant.jpg","width":1200,"height":800,"caption":"Vue A\u00e9rienne Du Restaurant"},{"@type":"WebPage","@id":"https:\/\/www.campingesplanade.fr\/nl\/activiteiten-animaties\/#webpage","url":"https:\/\/www.campingesplanade.fr\/nl\/activiteiten-animaties\/","name":"Activiteiten en animaties | Camping l'Esplanade op Corsica","isPartOf":{"@id":"https:\/\/www.campingesplanade.fr\/#website"},"primaryImageOfPage":{"@id":"https:\/\/www.campingesplanade.fr\/nl\/activiteiten-animaties\/#primaryimage"},"datePublished":"2024-07-26T12:29:22+00:00","dateModified":"2025-03-20T13:08:01+00:00","description":"Geniet van alle faciliteiten van onze 4-sterrencamping in Olmeto en beleef plezier met tal van activiteiten en animaties in Zuid-Corsica!","breadcrumb":{"@id":"https:\/\/www.campingesplanade.fr\/nl\/activiteiten-animaties\/#breadcrumb"},"inLanguage":"nl-NL","potentialAction":[{"@type":"ReadAction","target":["https:\/\/www.campingesplanade.fr\/nl\/activiteiten-animaties\/"]}]},{"@type":"BreadcrumbList","@id":"https:\/\/www.campingesplanade.fr\/nl\/activiteiten-animaties\/#breadcrumb","itemListElement":[{"@type":"ListItem","position":1,"name":"Accueil","item":"https:\/\/www.campingesplanade.fr\/nl\/"},{"@type":"ListItem","position":2,"name":"Activiteiten en animaties"}]}]}},"_links":{"self":[{"href":"https:\/\/www.campingesplanade.fr\/nl\/wp-json\/wp\/v2\/pages\/7198"}],"collection":[{"href":"https:\/\/www.campingesplanade.fr\/nl\/wp-json\/wp\/v2\/pages"}],"about":[{"href":"https:\/\/www.campingesplanade.fr\/nl\/wp-json\/wp\/v2\/types\/page"}],"author":[{"embeddable":true,"href":"https:\/\/www.campingesplanade.fr\/nl\/wp-json\/wp\/v2\/users\/1"}],"replies":[{"embeddable":true,"href":"https:\/\/www.campingesplanade.fr\/nl\/wp-json\/wp\/v2\/comments?post=7198"}],"version-history":[{"count":3,"href":"https:\/\/www.campingesplanade.fr\/nl\/wp-json\/wp\/v2\/pages\/7198\/revisions"}],"predecessor-version":[{"id":7201,"href":"https:\/\/www.campingesplanade.fr\/nl\/wp-json\/wp\/v2\/pages\/7198\/revisions\/7201"}],"wp:featuredmedia":[{"embeddable":true,"href":"https:\/\/www.campingesplanade.fr\/nl\/wp-json\/wp\/v2\/media\/4211"}],"wp:attachment":[{"href":"https:\/\/www.campingesplanade.fr\/nl\/wp-json\/wp\/v2\/media?parent=7198"}],"curies":[{"name":"wp","href":"https:\/\/api.w.org\/{rel}","templated":true}]}}