{"id":4261,"date":"2021-07-07T17:23:29","date_gmt":"2021-07-07T15:23:29","guid":{"rendered":"https:\/\/www.campingesplanade.fr\/volledige-punten\/"},"modified":"2023-12-11T11:35:15","modified_gmt":"2023-12-11T10:35:15","slug":"volledige-punten","status":"publish","type":"page","link":"https:\/\/www.campingesplanade.fr\/nl\/volledige-punten\/","title":{"rendered":"Juridische informatie"},"content":{"rendered":"\n<figure class=\"wp-block-image alignfull size-large section_banniere\"><img width=\"1024\" height=\"683\" src=\"https:\/\/www.campingesplanade.fr\/wp-content\/uploads\/2021\/08\/IMG_1737-1024x683.jpg\" alt=\"Camping L'esplanade : Afbeelding 1737\" class=\"wp-image-864\" srcset=\"https:\/\/www.campingesplanade.fr\/wp-content\/uploads\/2021\/08\/IMG_1737-1024x683.jpg 1024w, https:\/\/www.campingesplanade.fr\/wp-content\/uploads\/2021\/08\/IMG_1737-300x200.jpg 300w, https:\/\/www.campingesplanade.fr\/wp-content\/uploads\/2021\/08\/IMG_1737-768x512.jpg 768w, https:\/\/www.campingesplanade.fr\/wp-content\/uploads\/2021\/08\/IMG_1737-1536x1024.jpg 1536w, https:\/\/www.campingesplanade.fr\/wp-content\/uploads\/2021\/08\/IMG_1737.jpg 1920w\" sizes=\"(max-width: 1024px) 100vw, 1024px\" \/><\/figure>\n\n<div class=\"wp-block-group section_redactionnel has-typo-color has-text-color\"><div class=\"wp-block-group__inner-container\">\n<h1>Juridische informatie<\/h1>\n\n\n\n<h2><span itemprop=\"name\">Camping L'Esplanade<\/span><\/h2>\n\n\n\n<p><span class=\"wrp_adresse\"><span itemprop=\"address\">Route de Porto Pollo<br \/>\r\nlieu dit Marinca<br \/>\r\n20113 OLMETO<br \/>\r\nCORSE<\/span><\/span><br\/><a itemprop=\"telephone\" href=\"tel:+334 95 76 05 03\">04 95 76 05 03<\/a><br\/><a itemprop=\"email\" href=\"mailto:campingesplanade@gmail.com\">campingesplanade@gmail.com<\/a><br\/><strong>RCS :<\/strong> <span class=\"wrp_rcs\"><span>535404487<\/span><\/span><br\/><strong>SIRET :<\/strong> <span class=\"wrp_siret\"><span>53540448700022<\/span><\/span><\/p>\n\n\n\n<p>Le site Internet <span itemprop=\"url\">https:\/\/www.campingesplanade.fr\/nl\/<\/span> est h\u00e9berg\u00e9 par la soci\u00e9t\u00e9 <strong>Niwanet<\/strong>.<br\/>Le site Internet est la propri\u00e9t\u00e9 exclusive de la soci\u00e9t\u00e9 <strong><span itemprop=\"name\">Camping L'Esplanade<\/span>.<\/strong> Il a \u00e9t\u00e9 con\u00e7u et r\u00e9alis\u00e9 par <strong>Francecom<\/strong>.<\/p>\n\n\n\n<p><strong>FRANCECOM, Web Agency<br\/><\/strong>2, Boulevard Jean Moulin 44100 NANTES<br\/><strong>T\u00e9l<\/strong> : 02 51 80 88 88<br\/><strong>Fax<\/strong> : 02 51 80 88 87<br\/><strong>Web<\/strong> : <a href=\"http:\/\/www.francecom.com\/\" target=\"_blank\" rel=\"noreferrer noopener\">www.francecom.fr<\/a><br\/>RCS : Nantes B 410 557 151<br\/>SIRET : 41055715100033<\/p>\n\n\n\n<p>La consultation du site <span itemprop=\"url\">https:\/\/www.campingesplanade.fr\/nl\/<\/span> est subordonn\u00e9e \u00e0 l\u2019acceptation int\u00e9grale et au respect par les internautes, des conditions d\u2019utilisation suivantes.<br\/>L\u2019internaute s\u2019engage d\u2019ores et d\u00e9j\u00e0 \u00e0 faire des informations contenues sur le Site un usage personnel et non commercial. En cas de non-respect des dispositions de la pr\u00e9sente Charte, par l\u2019internaute, sa responsabilit\u00e9 civile et\/ou p\u00e9nale pourrait se voir engag\u00e9e.<\/p>\n\n\n\n<h2>Contenu du Site<\/h2>\n\n\n\n<p>Le site est exploit\u00e9 par la soci\u00e9t\u00e9 <strong><strong><strong><span itemprop=\"name\">Camping L'Esplanade<\/span>.<\/strong><\/strong><\/strong>.<br\/>Le site pr\u00e9sente les activit\u00e9s de la soci\u00e9t\u00e9 <strong><strong><strong><span itemprop=\"name\">Camping L'Esplanade<\/span>.<\/strong><\/strong><\/strong>.<\/p>\n\n\n\n<h2>Propri\u00e9t\u00e9 Intellectuelle<\/h2>\n\n\n\n<p>Le Site <span itemprop=\"url\">https:\/\/www.campingesplanade.fr\/nl\/<\/span> constitue une \u0153uvre dont <strong>Francecom<\/strong> est l\u2019auteur au sens des articles L111.1 et suivants du Code de propri\u00e9t\u00e9 intellectuelle.<br\/>De mani\u00e8re g\u00e9n\u00e9rale, les donn\u00e9es, les programmes, les \u00e9chantillons musicaux, les textes, les informations, les logos, les identit\u00e9s visuelles, les images anim\u00e9es ou non et leurs mises en forme apparaissant sur le Site <span itemprop=\"url\">https:\/\/www.campingesplanade.fr\/nl\/<\/span> sont la propri\u00e9t\u00e9 de <strong>Francecom<\/strong> (hors photos appartenant \u00e0 la soci\u00e9t\u00e9 <strong><strong><strong><span itemprop=\"name\">Camping L'Esplanade<\/span>.<\/strong><\/strong><\/strong> et textes r\u00e9dig\u00e9s par la soci\u00e9t\u00e9 <strong><strong><strong><span itemprop=\"name\">Camping L'Esplanade<\/span>.<\/strong><\/strong><\/strong>) et sont prot\u00e9g\u00e9es \u00e0 ce titre par les dispositions du Code de la propri\u00e9t\u00e9 intellectuelle.<br\/><br\/>Tout internaute s\u2019engage \u00e0 ne pas les utiliser et \u00e0 ne permettre \u00e0 quiconque d\u2019utiliser ces contenus \u00e0 des fins ill\u00e9gales.<br\/><br\/>Toute repr\u00e9sentation ou reproduction, totale ou partielle, permanente ou temporaire, sur un support informatique et\/ou papier, et par quelque proc\u00e9d\u00e9 que ce soit (notamment par voie de framing*), de l\u2019un ou l\u2019autre des \u00e9l\u00e9ments du Site <span itemprop=\"url\">https:\/\/www.campingesplanade.fr\/nl\/<\/span> ou des services propos\u00e9s \u00e0 la vente, sans l\u2019accord pr\u00e9alable et expr\u00e8s de <strong>Francecom<\/strong> est interdite, et constitue un acte de contrefa\u00e7on, qui pourra entra\u00eener des condamnations civiles et\/ou p\u00e9nales. Seule l\u2019impression papier est autoris\u00e9e aux fins de copie priv\u00e9e \u00e0 l\u2019usage exclusif du copiste au sens de l\u2019article L122-5 2\u00b0 du Code de propri\u00e9t\u00e9 intellectuelle.<br\/><br\/>Aucun lien hypertexte vers le Site <span itemprop=\"url\">https:\/\/www.campingesplanade.fr\/nl\/<\/span> ne peut \u00eatre install\u00e9 sans l\u2019accord pr\u00e9alable et expr\u00e8s de <strong>Francecom<\/strong>.<\/p>\n\n\n\n<p><em>*L\u2019action de capter le contenu de pages d\u2019un site Internet pour le transf\u00e9rer sur son propre site Internet par le biais d\u2019un lien hypertexte, en faisant appara\u00eetre le dit contenu comme le sien.<\/em><\/p>\n\n\n\n<h2>Cr\u00e9dits photos<\/h2>\n\n\n\n<p>Photos : <strong><strong><strong><strong><span itemprop=\"name\">Camping L'Esplanade<\/span>.<\/strong><\/strong><\/strong><\/strong><br\/>Photos non contractuelles : Unsplash<\/p>\n\n\n\n<h2>Responsabilit\u00e9<\/h2>\n\n\n\n<p>La soci\u00e9t\u00e9<strong><strong><strong><span itemprop=\"name\">Camping L'Esplanade<\/span>.<\/strong><\/strong><\/strong> d\u00e9cline toute responsabilit\u00e9 quant aux \u00e9ventuels dysfonctionnements pouvant survenir sur le Site <span itemprop=\"url\">https:\/\/www.campingesplanade.fr\/nl\/<\/span> et entra\u00eener une perte de donn\u00e9es ou une indisponibilit\u00e9 de l\u2019acc\u00e8s aux informations produites sur celui-ci.<br\/><br\/>Les \u00e9l\u00e9ments pr\u00e9sent\u00e9s sur le Site <span itemprop=\"url\">https:\/\/www.campingesplanade.fr\/nl\/<\/span> sont susceptibles de modification sans pr\u00e9avis et sont mis \u00e0 la disposition des internautes, sans aucune garantie d\u2019aucune sorte, expresse ou tacite.<br\/><br\/>La pr\u00e9sence de liens hypertextes pr\u00e9sents sur le Site <span itemprop=\"url\">https:\/\/www.campingesplanade.fr\/nl\/<\/span> \u2013 Quel que soit l\u2019existence pr\u00e9alable ou non de l\u2019accord de la soci\u00e9t\u00e9 <strong><strong><strong><span itemprop=\"name\">Camping L'Esplanade<\/span>.<\/strong><\/strong><\/strong> \u2013 ne cr\u00e9e pas une solidarit\u00e9 de responsabilit\u00e9 entre celle-ci et les propri\u00e9taires des autres sites, quant au contenu des sites sur lesquels est redirig\u00e9 l\u2019internaute.<br\/><br\/>La soci\u00e9t\u00e9 <strong><strong><strong><span itemprop=\"name\">Camping L'Esplanade<\/span>.<\/strong><\/strong><\/strong> ne peut garantir l\u2019exhaustivit\u00e9 et la v\u00e9racit\u00e9 des informations pr\u00e9sentes sur le Site <span itemprop=\"url\">https:\/\/www.campingesplanade.fr\/nl\/<\/span>. De la m\u00eame mani\u00e8re, il ne peut garantir l\u2019absence de modification par un tiers (intrusion, virus).<br\/><br\/>En outre, l\u2019internaute est seul responsable de l\u2019utilisation qu\u2019il fait du contenu du Site <span itemprop=\"url\">https:\/\/www.campingesplanade.fr\/nl\/<\/span>. Sauf faute grave exclusive de la soci\u00e9t\u00e9 <strong><strong><strong><span itemprop=\"name\">Camping L'Esplanade<\/span>.<\/strong><\/strong><\/strong>, sa responsabilit\u00e9 ne peut \u00eatre engag\u00e9e pour des dommages directs et indirects li\u00e9s \u00e0 l\u2019utilisation des informations produites sur le Site <span itemprop=\"url\">https:\/\/www.campingesplanade.fr\/nl\/<\/span>. <\/p>\n\n\n\n<h2>Loi applicable et Comp\u00e9tence judiciaire<\/h2>\n\n\n\n<p>L\u2019ensemble des informations diffus\u00e9 sur le Site <span itemprop=\"url\">https:\/\/www.campingesplanade.fr\/nl\/<\/span> et l\u2019utilisation qui en est faite sont soumis exclusivement au droit fran\u00e7ais. Seuls les tribunaux relevant du ressort de la<strong>Cour d\u2019Appel de <span class=\"wrp_cours_appel\"><span>BASTIA<\/span><\/span> :<\/strong> sont comp\u00e9tents pour conna\u00eetre des \u00e9ventuels litiges li\u00e9s \u00e0 l\u2019utilisation du Site <span itemprop=\"url\">https:\/\/www.campingesplanade.fr\/nl\/<\/span>.<\/p>\n\n\n\n<h2>Condition g\u00e9n\u00e9rales de ventes<\/h2>\n\n\n\n<p>Le site <span itemprop=\"url\">https:\/\/www.campingesplanade.fr\/nl\/<\/span> ne permet pas d\u2019effectuer d\u2019achat sur le site. Les Conditions G\u00e9n\u00e9rales de Ventes sont disponibles dans la rubrique Documents \u00e0 t\u00e9l\u00e9charger, ou sur demande \u00e0 l\u2019adresse <strong><a itemprop=\"email\" href=\"mailto:campingesplanade@gmail.com\">campingesplanade@gmail.com<\/a><\/strong><\/p>\n\n\n\n<h2>Informations relatives aux cookies sur notre site<\/h2>\n\n\n\n<p>L\u2019informations d\u00e9taill\u00e9e des cookies et leurs gestions sur le site sont disponibles ici : <a href=\"https:\/\/www.campingesplanade.fr\/nl\/eu-cookies-beleid\/\" data-type=\"page\"><strong>Politique de cookies (EU)<\/strong><\/a><\/p>\n\n\n\n<p>Vous pouvez en savoir plus sur l\u2019utilisation des cookies en consultant le site de la CNIL : <strong><a rel=\"noreferrer noopener\" href=\"http:\/\/www.cnil.fr\/vos-droits\/vos-traces\/les-cookies\/\" target=\"_blank\">www.cnil.fr\/vos-droits\/vos-traces\/les-cookies\/<\/a><\/strong><\/p>\n\n\n\n<h2>Informations relatives \u00e0 la politique de confidentialit\u00e9 et \u00e0 la gestion des donn\u00e9es personnelles :<\/h2>\n\n\n\n<p>L\u2019informations d\u00e9taill\u00e9e de la <a href=\"https:\/\/www.campingesplanade.fr\/nl\/privacybeleid\/\" data-type=\"page\" data-id=\"3\"><strong>politique de confidentialit\u00e9 et de la gestion des donn\u00e9es personnelles<\/strong><\/a><\/p>\n<\/div><\/div>\n\n<p><\/p>\n","protected":false},"excerpt":{"rendered":"<p>Juridische informatie RCS : SIRET : Le site Internet est h\u00e9berg\u00e9 par la soci\u00e9t\u00e9 Niwanet.Le site Internet est la propri\u00e9t\u00e9 exclusive de la soci\u00e9t\u00e9 . Il a \u00e9t\u00e9 con\u00e7u et r\u00e9alis\u00e9 par Francecom. FRANCECOM, Web Agency2, Boulevard Jean Moulin 44100 NANTEST\u00e9l : 02 51 80 88 88Fax : 02 51 80 88 87Web : www.francecom.frRCS [&hellip;]<\/p>\n","protected":false},"author":1,"featured_media":0,"parent":0,"menu_order":0,"comment_status":"closed","ping_status":"closed","template":"","meta":[],"yoast_head":"<!-- This site is optimized with the Yoast SEO plugin v17.2.1 - https:\/\/yoast.com\/wordpress\/plugins\/seo\/ -->\n<title>Juridische informatie - Camping l&#039;Esplanade<\/title>\n<meta name=\"robots\" content=\"noindex, nofollow\" \/>\n<meta property=\"og:locale\" content=\"nl_NL\" \/>\n<meta property=\"og:type\" content=\"article\" \/>\n<meta property=\"og:title\" content=\"Juridische informatie - Camping l&#039;Esplanade\" \/>\n<meta property=\"og:description\" content=\"Juridische informatie RCS : SIRET : Le site Internet est h\u00e9berg\u00e9 par la soci\u00e9t\u00e9 Niwanet.Le site Internet est la propri\u00e9t\u00e9 exclusive de la soci\u00e9t\u00e9 . Il a \u00e9t\u00e9 con\u00e7u et r\u00e9alis\u00e9 par Francecom. FRANCECOM, Web Agency2, Boulevard Jean Moulin 44100 NANTEST\u00e9l : 02 51 80 88 88Fax : 02 51 80 88 87Web : www.francecom.frRCS [&hellip;]\" \/>\n<meta property=\"og:url\" content=\"https:\/\/www.campingesplanade.fr\/nl\/volledige-punten\/\" \/>\n<meta property=\"og:site_name\" content=\"Camping l&#039;Esplanade\" \/>\n<meta property=\"article:modified_time\" content=\"2023-12-11T10:35:15+00:00\" \/>\n<meta property=\"og:image\" content=\"https:\/\/www.campingesplanade.fr\/wp-content\/uploads\/2021\/08\/IMG_1737-1024x683.jpg\" \/>\n<meta name=\"twitter:card\" content=\"summary_large_image\" \/>\n<meta name=\"twitter:label1\" content=\"Est. reading time\" \/>\n\t<meta name=\"twitter:data1\" content=\"4 minutes\" \/>\n<script type=\"application\/ld+json\" class=\"yoast-schema-graph\">{\"@context\":\"https:\/\/schema.org\",\"@graph\":[{\"@type\":\"WebSite\",\"@id\":\"https:\/\/www.campingesplanade.fr\/#website\",\"url\":\"https:\/\/www.campingesplanade.fr\/\",\"name\":\"Camping l'Esplanade\",\"description\":\"3-sterren camping in Corsica\",\"potentialAction\":[{\"@type\":\"SearchAction\",\"target\":{\"@type\":\"EntryPoint\",\"urlTemplate\":\"https:\/\/www.campingesplanade.fr\/?s={search_term_string}\"},\"query-input\":\"required name=search_term_string\"}],\"inLanguage\":\"nl-NL\"},{\"@type\":\"ImageObject\",\"@id\":\"https:\/\/www.campingesplanade.fr\/nl\/volledige-punten\/#primaryimage\",\"inLanguage\":\"nl-NL\",\"url\":\"https:\/\/www.campingesplanade.fr\/wp-content\/uploads\/2021\/08\/IMG_1737.jpg\",\"contentUrl\":\"https:\/\/www.campingesplanade.fr\/wp-content\/uploads\/2021\/08\/IMG_1737.jpg\",\"width\":1920,\"height\":1280},{\"@type\":\"WebPage\",\"@id\":\"https:\/\/www.campingesplanade.fr\/nl\/volledige-punten\/#webpage\",\"url\":\"https:\/\/www.campingesplanade.fr\/nl\/volledige-punten\/\",\"name\":\"Juridische informatie - Camping l'Esplanade\",\"isPartOf\":{\"@id\":\"https:\/\/www.campingesplanade.fr\/#website\"},\"primaryImageOfPage\":{\"@id\":\"https:\/\/www.campingesplanade.fr\/nl\/volledige-punten\/#primaryimage\"},\"datePublished\":\"2021-07-07T15:23:29+00:00\",\"dateModified\":\"2023-12-11T10:35:15+00:00\",\"breadcrumb\":{\"@id\":\"https:\/\/www.campingesplanade.fr\/nl\/volledige-punten\/#breadcrumb\"},\"inLanguage\":\"nl-NL\",\"potentialAction\":[{\"@type\":\"ReadAction\",\"target\":[\"https:\/\/www.campingesplanade.fr\/nl\/volledige-punten\/\"]}]},{\"@type\":\"BreadcrumbList\",\"@id\":\"https:\/\/www.campingesplanade.fr\/nl\/volledige-punten\/#breadcrumb\",\"itemListElement\":[{\"@type\":\"ListItem\",\"position\":1,\"name\":\"Accueil\",\"item\":\"https:\/\/www.campingesplanade.fr\/nl\/\"},{\"@type\":\"ListItem\",\"position\":2,\"name\":\"Juridische informatie\"}]}]}<\/script>\n<!-- \/ Yoast SEO plugin. -->","yoast_head_json":{"title":"Juridische informatie - Camping l'Esplanade","robots":{"index":"noindex","follow":"nofollow"},"og_locale":"nl_NL","og_type":"article","og_title":"Juridische informatie - Camping l'Esplanade","og_description":"Juridische informatie RCS : SIRET : Le site Internet est h\u00e9berg\u00e9 par la soci\u00e9t\u00e9 Niwanet.Le site Internet est la propri\u00e9t\u00e9 exclusive de la soci\u00e9t\u00e9 . Il a \u00e9t\u00e9 con\u00e7u et r\u00e9alis\u00e9 par Francecom. FRANCECOM, Web Agency2, Boulevard Jean Moulin 44100 NANTEST\u00e9l : 02 51 80 88 88Fax : 02 51 80 88 87Web : www.francecom.frRCS [&hellip;]","og_url":"https:\/\/www.campingesplanade.fr\/nl\/volledige-punten\/","og_site_name":"Camping l'Esplanade","article_modified_time":"2023-12-11T10:35:15+00:00","og_image":[{"url":"https:\/\/www.campingesplanade.fr\/wp-content\/uploads\/2021\/08\/IMG_1737-1024x683.jpg"}],"twitter_card":"summary_large_image","twitter_misc":{"Est. reading time":"4 minutes"},"schema":{"@context":"https:\/\/schema.org","@graph":[{"@type":"WebSite","@id":"https:\/\/www.campingesplanade.fr\/#website","url":"https:\/\/www.campingesplanade.fr\/","name":"Camping l'Esplanade","description":"3-sterren camping in Corsica","potentialAction":[{"@type":"SearchAction","target":{"@type":"EntryPoint","urlTemplate":"https:\/\/www.campingesplanade.fr\/?s={search_term_string}"},"query-input":"required name=search_term_string"}],"inLanguage":"nl-NL"},{"@type":"ImageObject","@id":"https:\/\/www.campingesplanade.fr\/nl\/volledige-punten\/#primaryimage","inLanguage":"nl-NL","url":"https:\/\/www.campingesplanade.fr\/wp-content\/uploads\/2021\/08\/IMG_1737.jpg","contentUrl":"https:\/\/www.campingesplanade.fr\/wp-content\/uploads\/2021\/08\/IMG_1737.jpg","width":1920,"height":1280},{"@type":"WebPage","@id":"https:\/\/www.campingesplanade.fr\/nl\/volledige-punten\/#webpage","url":"https:\/\/www.campingesplanade.fr\/nl\/volledige-punten\/","name":"Juridische informatie - Camping l'Esplanade","isPartOf":{"@id":"https:\/\/www.campingesplanade.fr\/#website"},"primaryImageOfPage":{"@id":"https:\/\/www.campingesplanade.fr\/nl\/volledige-punten\/#primaryimage"},"datePublished":"2021-07-07T15:23:29+00:00","dateModified":"2023-12-11T10:35:15+00:00","breadcrumb":{"@id":"https:\/\/www.campingesplanade.fr\/nl\/volledige-punten\/#breadcrumb"},"inLanguage":"nl-NL","potentialAction":[{"@type":"ReadAction","target":["https:\/\/www.campingesplanade.fr\/nl\/volledige-punten\/"]}]},{"@type":"BreadcrumbList","@id":"https:\/\/www.campingesplanade.fr\/nl\/volledige-punten\/#breadcrumb","itemListElement":[{"@type":"ListItem","position":1,"name":"Accueil","item":"https:\/\/www.campingesplanade.fr\/nl\/"},{"@type":"ListItem","position":2,"name":"Juridische informatie"}]}]}},"_links":{"self":[{"href":"https:\/\/www.campingesplanade.fr\/nl\/wp-json\/wp\/v2\/pages\/4261"}],"collection":[{"href":"https:\/\/www.campingesplanade.fr\/nl\/wp-json\/wp\/v2\/pages"}],"about":[{"href":"https:\/\/www.campingesplanade.fr\/nl\/wp-json\/wp\/v2\/types\/page"}],"author":[{"embeddable":true,"href":"https:\/\/www.campingesplanade.fr\/nl\/wp-json\/wp\/v2\/users\/1"}],"replies":[{"embeddable":true,"href":"https:\/\/www.campingesplanade.fr\/nl\/wp-json\/wp\/v2\/comments?post=4261"}],"version-history":[{"count":5,"href":"https:\/\/www.campingesplanade.fr\/nl\/wp-json\/wp\/v2\/pages\/4261\/revisions"}],"predecessor-version":[{"id":4266,"href":"https:\/\/www.campingesplanade.fr\/nl\/wp-json\/wp\/v2\/pages\/4261\/revisions\/4266"}],"wp:attachment":[{"href":"https:\/\/www.campingesplanade.fr\/nl\/wp-json\/wp\/v2\/media?parent=4261"}],"curies":[{"name":"wp","href":"https:\/\/api.w.org\/{rel}","templated":true}]}}