{"id":7868,"date":"2024-07-26T14:29:22","date_gmt":"2024-07-26T12:29:22","guid":{"rendered":"https:\/\/www.campingesplanade.fr\/attivita\/"},"modified":"2025-08-26T09:20:52","modified_gmt":"2025-08-26T07:20:52","slug":"attivita","status":"publish","type":"page","link":"https:\/\/www.campingesplanade.fr\/it\/attivita\/","title":{"rendered":"Attivit\u00e0 e animazioni"},"content":{"rendered":"\n<section class=\"wp-block-group section_header-home slider\">\n<figure class=\"wp-block-gallery columns-2 is-cropped section_diaporama\"><ul class=\"blocks-gallery-grid\"><li class=\"blocks-gallery-item\"><figure><img width=\"1200\" height=\"800\" src=\"https:\/\/www.campingesplanade.fr\/wp-content\/uploads\/2021\/08\/vue-aerienne-du-restaurant.jpg\" alt=\"Vista aerea ristorante e spazio acquatico - Area per attivit&#xE0; e animazioni - Camping l'Esplanade a Olmeto\" data-id=\"911\" data-full-url=\"https:\/\/www.campingesplanade.fr\/wp-content\/uploads\/2021\/08\/vue-aerienne-du-restaurant.jpg\" data-link=\"https:\/\/www.campingesplanade.fr\/transport\/vue-aerienne-du-restaurant\/\" class=\"wp-image-911\" srcset=\"https:\/\/www.campingesplanade.fr\/wp-content\/uploads\/2021\/08\/vue-aerienne-du-restaurant.jpg 1200w, https:\/\/www.campingesplanade.fr\/wp-content\/uploads\/2021\/08\/vue-aerienne-du-restaurant-300x200.jpg 300w, https:\/\/www.campingesplanade.fr\/wp-content\/uploads\/2021\/08\/vue-aerienne-du-restaurant-1024x683.jpg 1024w, https:\/\/www.campingesplanade.fr\/wp-content\/uploads\/2021\/08\/vue-aerienne-du-restaurant-768x512.jpg 768w\" sizes=\"(max-width: 1200px) 100vw, 1200px\" \/><figcaption class=\"blocks-gallery-item__caption\">Vista aerea del ristorante<\/figcaption><\/figure><\/li><li class=\"blocks-gallery-item\"><figure><img width=\"1280\" height=\"960\" src=\"https:\/\/www.campingesplanade.fr\/wp-content\/uploads\/2021\/09\/IMG_7603.webp\" alt=\"Piscina in Corsica nel nostro campeggio di Propriano\" data-id=\"1565\" data-full-url=\"https:\/\/www.campingesplanade.fr\/wp-content\/uploads\/2021\/09\/IMG_7603.webp\" data-link=\"https:\/\/www.campingesplanade.fr\/services\/img_7603\/\" class=\"wp-image-1565\" srcset=\"https:\/\/www.campingesplanade.fr\/wp-content\/uploads\/2021\/09\/IMG_7603.webp 1280w, https:\/\/www.campingesplanade.fr\/wp-content\/uploads\/2021\/09\/IMG_7603-300x225.webp 300w, https:\/\/www.campingesplanade.fr\/wp-content\/uploads\/2021\/09\/IMG_7603-1024x768.webp 1024w, https:\/\/www.campingesplanade.fr\/wp-content\/uploads\/2021\/09\/IMG_7603-768x576.webp 768w\" sizes=\"(max-width: 1280px) 100vw, 1280px\" \/><\/figure><\/li><\/ul><\/figure>\n\n\n\n<p><\/p>\n<\/section>\n\n<div class=\"wp-block-group section_introduction\"><div class=\"wp-block-group__inner-container\">\n<h1>Attivit\u00e0 e intrattenimenti nel nostro campeggio a Olmeto<\/h1>\n\n\n\n<p>Alla qualit\u00e0 degli alloggi e dei servizi del nostro <a href=\"https:\/\/www.campingesplanade.fr\/it\/\" target=\"_blank\" rel=\"noreferrer noopener\">campeggio a Olmeto<\/a> si aggiunge tutta una scelta di intrattenimenti e attivit\u00e0. Il campeggio l&#8217;Esplanade si fa un punto d&#8217;onore per provvedere a voi con <strong>attivit\u00e0 famiglia e sport. sportivi<\/strong> per che avete un successo <strong>vacanza in Corsica del sud<\/strong>! <\/p>\n<\/div><\/div>\n\n<div class=\"wp-block-group section_duo-texte-photo\"><div class=\"wp-block-group__inner-container\">\n<div class=\"wp-block-columns\">\n<div class=\"wp-block-column\">\n<figure class=\"wp-block-gallery columns-3 is-cropped section_diaporama\"><ul class=\"blocks-gallery-grid\"><li class=\"blocks-gallery-item\"><figure><img width=\"1024\" height=\"683\" src=\"https:\/\/www.campingesplanade.fr\/wp-content\/uploads\/2021\/08\/l-aire-de-jeux-1024x683.jpg\" alt=\"Aiutare con giochi per bambini - Attivit&#xE0; al campeggio di Olmeto\" data-id=\"953\" data-full-url=\"https:\/\/www.campingesplanade.fr\/wp-content\/uploads\/2021\/08\/l-aire-de-jeux.jpg\" data-link=\"https:\/\/www.campingesplanade.fr\/services\/l-aire-de-jeux\/\" class=\"wp-image-953\" srcset=\"https:\/\/www.campingesplanade.fr\/wp-content\/uploads\/2021\/08\/l-aire-de-jeux-1024x683.jpg 1024w, https:\/\/www.campingesplanade.fr\/wp-content\/uploads\/2021\/08\/l-aire-de-jeux-300x200.jpg 300w, https:\/\/www.campingesplanade.fr\/wp-content\/uploads\/2021\/08\/l-aire-de-jeux-768x512.jpg 768w, https:\/\/www.campingesplanade.fr\/wp-content\/uploads\/2021\/08\/l-aire-de-jeux.jpg 1200w\" sizes=\"(max-width: 1024px) 100vw, 1024px\" \/><\/figure><\/li><li class=\"blocks-gallery-item\"><figure><img width=\"640\" height=\"480\" src=\"https:\/\/www.campingesplanade.fr\/wp-content\/uploads\/2022\/03\/IMG_7611.jpg\" alt=\"I villeggianti intorno alla piscina nel campeggio Olmeto - Intrattenimento e attivit&#xE0;\" data-id=\"2687\" data-full-url=\"https:\/\/www.campingesplanade.fr\/wp-content\/uploads\/2022\/03\/IMG_7611.jpg\" data-link=\"https:\/\/www.campingesplanade.fr\/services\/img_7611-2\/\" class=\"wp-image-2687\" srcset=\"https:\/\/www.campingesplanade.fr\/wp-content\/uploads\/2022\/03\/IMG_7611.jpg 640w, https:\/\/www.campingesplanade.fr\/wp-content\/uploads\/2022\/03\/IMG_7611-300x225.jpg 300w\" sizes=\"(max-width: 640px) 100vw, 640px\" \/><\/figure><\/li><li class=\"blocks-gallery-item\"><figure><img width=\"640\" height=\"480\" src=\"https:\/\/www.campingesplanade.fr\/wp-content\/uploads\/2022\/04\/IMG_8089.jpg\" alt=\"Campo da p&#xE9;tanque per animazioni e attivit&#xE0; al campeggio L'Esplanade a Olmeto\" data-id=\"2782\" data-full-url=\"https:\/\/www.campingesplanade.fr\/wp-content\/uploads\/2022\/04\/IMG_8089.jpg\" data-link=\"https:\/\/www.campingesplanade.fr\/services\/img_8089\/\" class=\"wp-image-2782\" srcset=\"https:\/\/www.campingesplanade.fr\/wp-content\/uploads\/2022\/04\/IMG_8089.jpg 640w, https:\/\/www.campingesplanade.fr\/wp-content\/uploads\/2022\/04\/IMG_8089-300x225.jpg 300w\" sizes=\"(max-width: 640px) 100vw, 640px\" \/><\/figure><\/li><\/ul><\/figure>\n\n\n\n<p><\/p>\n<\/div>\n\n\n\n<div class=\"wp-block-column is-vertically-aligned-center\">\n<h2>Attivit\u00e0 e animazioni per tutta la famiglia<\/h2>\n\n\n\n<p>Lo <strong>staff del nostro campeggio di Olmeto<\/strong> ha un unico obiettivo: farvi trascorrere le migliori vacanze possibili in Corsica del Sud! Per questo, il campeggio L&#8217;Esplanade ha pensato a tutto, con aree dedicate al divertimento e <strong>attivit\u00e0 per tutta la famiglia<\/strong>. <\/p>\n\n\n\n<p>Tu scoprirai una <strong>area di giochi per i bambini<\/strong>, con una <strong>gita in slitta<\/strong> per divertirsi incessantly! Non lontano da l\u00ec ci sono le le tavole di ping- pong per feste feste divertendosi con i vostri nuovi amici dal campeggio. <\/p>\n\n\n\n<p>Altro imperdibile, il <strong>terreno della petanque<\/strong> dove condividere meravigliosi momenti di convivialit\u00e0. Scommettiamo che vincerete in in destinazione per tutte le lunghe di delle vacanze e partecipare alle <strong>competizioni per bocce organizzate dai nostri animatori<\/strong>! <\/p>\n\n\n\n<p>Per i vacanzieri in cerca di attivit\u00e0 sportive, le attrezzature non mancano non per trascorrere al <strong>campeggio l&#8217;Esplanade<\/strong>. Uno <strong>spazio fitness<\/strong> ti consente di mantenere la tua forma e un <strong>terreno di giochi multisport<\/strong> ospita le vostre partite di calcio, basket o handball. <\/p>\n\n\n\n<p><\/p>\n<\/div>\n<\/div>\n\n\n\n<div style=\"height:20px\" aria-hidden=\"true\" class=\"wp-block-spacer\"><\/div>\n\n\n\n<p>In serata, venite a momenti indimenticabili condivisione e intrattenimento a Olmeto. Al programma di intrattenimento: pranzi conviviale al ristorante della sul golfo di Valinco-Propriano, concerti, serate musicali al bordo della <a href=\"https:\/\/www.campingesplanade.fr\/it\/campeggio-piscina-propriano\/\" target=\"_blank\" rel=\"noreferrer noopener\">piscina<\/a>&#8230; o direttamente in acqua! Questa \u00e8 la vostra occasione per creare collegamenti collegamenti e godere in profondit\u00e0 delle vostre vacanze vacanze per decomprimere!  <\/p>\n<\/div><\/div>\n\n<div class=\"wp-block-columns section_listing\">\n<div class=\"wp-block-column contenu\" style=\"flex-basis:100%\">\n<div class=\"wp-block-columns\">\n<div class=\"wp-block-column is-vertically-aligned-center\" style=\"flex-basis:33.33%\">\n<h2 class=\"has-text-align-left\">Non ti annoierai non non<br\/>con noi.<\/h2>\n\n\n\n<figure class=\"wp-block-image size-full\"><img width=\"600\" height=\"337\" src=\"https:\/\/www.campingesplanade.fr\/wp-content\/uploads\/2024\/07\/2022-09-22-edited.jpg\" alt=\"Camping L'esplanade : 2022 09 22\" class=\"wp-image-6049\" srcset=\"https:\/\/www.campingesplanade.fr\/wp-content\/uploads\/2024\/07\/2022-09-22-edited.jpg 600w, https:\/\/www.campingesplanade.fr\/wp-content\/uploads\/2024\/07\/2022-09-22-edited-300x169.jpg 300w\" sizes=\"(max-width: 600px) 100vw, 600px\" \/><\/figure>\n<\/div>\n\n\n\n<div class=\"wp-block-column\" style=\"flex-basis:66.66%\">\n<h2>Di attivit\u00e0 in alta e bassa stagione<\/h2>\n\n\n\n<p>Dalla sua apertura nel mese di aprile e fino alla fine della stagione, il nostro <strong>campeggio in Corse-du-Sud<\/strong> luoghi in luogo un <strong>grande scelta di attivit\u00e0 per tutti<\/strong>.<\/p>\n\n\n\n<h3>Attivit\u00e0 dal campeggio nel Luglio e Agosto<\/h3>\n\n\n\n<p>Perci\u00f2, posate le vostre valigie al campeggio l&#8217;Esplanade e rilassatevi! Fate la vostra scelta tra le nostre <a href=\"https:\/\/www.campingesplanade.fr\/it\/bungalow-corsica-sud\/\" target=\"_blank\" rel=\"noreferrer noopener\">mobil-case e le vostre<\/a> case. case e <a href=\"https:\/\/www.campingesplanade.fr\/it\/piazzole-corsica\/\" target=\"_blank\" rel=\"noreferrer noopener\">locali nel cuore della Corsica<\/a> e non sar\u00e0 burocratizzato non grazie alle <strong>attivit\u00e0 organizzate durante la stagione estiva<\/strong>. Le vacanze sono il tempo ideale per prendersi cura di te, quindi, lasciare che&#8230; tu tenti per le sezioni di risveglio acquatico nella piscina per bene iniziare il giorno. Le nostre squadre organizzano anche con voi di tornei di petanque e i campi sportivi ospitano il tre di ball tondo.   <\/p>\n\n\n\n<h3>Attivit\u00e0 dal campeggio da aprile a novembre<\/h3>\n\n\n\n<p class=\"has-text-align-left\">Se scegliete di soggiornare nel nostro <strong>campeggio a Olmeto<\/strong> fuori stagione, non rimarrete delusi. Durante tutto il periodo di apertura del campeggio vengono organizzate attivit\u00e0 per rendere la vostra vacanza ancora pi\u00f9 piacevole. <strong>L\u2019area giochi<\/strong> dedicata ai bambini \u00e8 infatti aperta da aprile a novembre. <strong>Tavolo da ping-pong e calcetto<\/strong> fanno parte delle infrastrutture sempre disponibili, senza dimenticare il campo polivalente e naturalmente il <strong>campo da petanque<\/strong>, perch\u00e9 non c\u2019\u00e8 stagione per una partita a bocce! <\/p>\n<\/div>\n<\/div>\n<\/div>\n<\/div>\n\n<div class=\"wp-block-group section_duo-texte-photo\"><div class=\"wp-block-group__inner-container\">\n<div class=\"wp-block-columns\">\n<div class=\"wp-block-column\">\n<figure class=\"wp-block-gallery columns-3 is-cropped section_diaporama\"><ul class=\"blocks-gallery-grid\"><li class=\"blocks-gallery-item\"><figure><img width=\"636\" height=\"856\" src=\"https:\/\/www.campingesplanade.fr\/wp-content\/uploads\/2021\/07\/baraccinatura.jpg\" alt=\"Baracci Natura - Attivit&#xE0; in Corsica del Sud - Campeggio L'Esplanade\" data-id=\"475\" data-full-url=\"https:\/\/www.campingesplanade.fr\/wp-content\/uploads\/2021\/07\/baraccinatura.jpg\" data-link=\"https:\/\/www.campingesplanade.fr\/alentours\/baracci-natura\/baraccinatura\/\" class=\"wp-image-475\" srcset=\"https:\/\/www.campingesplanade.fr\/wp-content\/uploads\/2021\/07\/baraccinatura.jpg 636w, https:\/\/www.campingesplanade.fr\/wp-content\/uploads\/2021\/07\/baraccinatura-223x300.jpg 223w\" sizes=\"(max-width: 636px) 100vw, 636px\" \/><\/figure><\/li><li class=\"blocks-gallery-item\"><figure><img width=\"1000\" height=\"667\" src=\"https:\/\/www.campingesplanade.fr\/wp-content\/uploads\/2024\/03\/ADO-Vue-de-Propriano.jpg\" alt=\"Golfo di Valinco-Propriano - Attivit&#xE0; - Campeggio L'Esplanade \" data-id=\"5027\" data-full-url=\"https:\/\/www.campingesplanade.fr\/wp-content\/uploads\/2024\/03\/ADO-Vue-de-Propriano.jpg\" data-link=\"https:\/\/www.campingesplanade.fr\/ado-vue-de-propriano-2\/\" class=\"wp-image-5027\" srcset=\"https:\/\/www.campingesplanade.fr\/wp-content\/uploads\/2024\/03\/ADO-Vue-de-Propriano.jpg 1000w, https:\/\/www.campingesplanade.fr\/wp-content\/uploads\/2024\/03\/ADO-Vue-de-Propriano-300x200.jpg 300w, https:\/\/www.campingesplanade.fr\/wp-content\/uploads\/2024\/03\/ADO-Vue-de-Propriano-768x512.jpg 768w\" sizes=\"(max-width: 1000px) 100vw, 1000px\" \/><\/figure><\/li><li class=\"blocks-gallery-item\"><figure><img width=\"764\" height=\"520\" src=\"https:\/\/www.campingesplanade.fr\/wp-content\/uploads\/2021\/07\/jjc-hd-campomoro-17-jpeg.jpg\" alt=\"Attivit&#xE0; in Corsica del Sud - Torre di Campomoro - Campeggio L'Esplanade\" data-id=\"485\" data-full-url=\"https:\/\/www.campingesplanade.fr\/wp-content\/uploads\/2021\/07\/jjc-hd-campomoro-17-jpeg.jpg\" data-link=\"https:\/\/www.campingesplanade.fr\/alentours\/la-tour-de-campomoro\/jjc-hd-campomoro-17-jpeg\/\" class=\"wp-image-485\" srcset=\"https:\/\/www.campingesplanade.fr\/wp-content\/uploads\/2021\/07\/jjc-hd-campomoro-17-jpeg.jpg 764w, https:\/\/www.campingesplanade.fr\/wp-content\/uploads\/2021\/07\/jjc-hd-campomoro-17-jpeg-300x204.jpg 300w\" sizes=\"(max-width: 764px) 100vw, 764px\" \/><\/figure><\/li><\/ul><\/figure>\n\n\n\n<p><\/p>\n<\/div>\n\n\n\n<div class=\"wp-block-column is-vertically-aligned-center\">\n<h2>Scoprire la zona del nostro campeggio in Corsica del sud<\/h2>\n\n\n\n<p>Grazie alla sua posizione perfetta, potrete approfittare di <strong>numerose attivit\u00e0 nei dintorni del nostro campeggio tra Olmeto e Propriano<\/strong>. Nel cuore del magnifico <a href=\"https:\/\/www.campingesplanade.fr\/it\/dintorni\/golfo-di-valinco\/\" target=\"_blank\" rel=\"noreferrer noopener\">golfo di Valinco-Propriano<\/a>, avrete accesso diretto alla spiaggia per tuffarvi nelle calde acque del Mediterraneo e potrete facilmente partire per <strong>escursioni a piedi o in mountain bike nella foresta<\/strong>. <\/p>\n\n\n\n<p>Se amate le forti emozioni, questa regione \u00e8 perfetta per voi. Sul mare potete praticare jet ski, mentre all\u2019interno il <strong>sito di Baracci<\/strong> \u00e8 imperdibile per il <strong>canyoning<\/strong> e la <strong>via ferrata<\/strong>. Cercate di prendere quota? Allora provate un lancio con il paracadute sopra il golfo di Valinco! La <strong>vicinanza delle spiagge<\/strong> permette anche di fare <strong>immersioni<\/strong>, <strong>snorkeling<\/strong> e <strong>paddle<\/strong>, e troverete inoltre una vasta scelta di <strong>escursioni in barca<\/strong>.    <\/p>\n\n\n\n<p>La ricchezza della regione vuoi costituir\u00e0 per capire sicuramente con un intero ventaglio di possibili occupazioni, che vengono complementare le <strong>animazioni e attivit\u00e0 del campeggio l&#8217;Esplanade<\/strong> per voi per passare le migliori vacanze!<\/p>\n<\/div>\n<\/div>\n<\/div><\/div>\n","protected":false},"excerpt":{"rendered":"<p>Attivit\u00e0 e intrattenimenti nel nostro campeggio a Olmeto Alla qualit\u00e0 degli alloggi e dei servizi del nostro campeggio a Olmeto si aggiunge tutta una scelta di intrattenimenti e attivit\u00e0. Il campeggio l&#8217;Esplanade si fa un punto d&#8217;onore per provvedere a voi con attivit\u00e0 famiglia e sport. sportivi per che avete un successo vacanza in Corsica [&hellip;]<\/p>\n","protected":false},"author":1,"featured_media":914,"parent":0,"menu_order":0,"comment_status":"closed","ping_status":"closed","template":"","meta":[],"yoast_head":"<!-- This site is optimized with the Yoast SEO plugin v17.2.1 - https:\/\/yoast.com\/wordpress\/plugins\/seo\/ -->\n<title>Attivit\u00e0 e animazioni | Camping l&#039;Esplanade en Corse<\/title>\n<meta name=\"description\" content=\"Godetevi tutte le infrastrutture del nostro campeggio a 4 stelle di Olmeto e divertitevi. E divertirsi attraverso molte attivit\u00e0 e intrattenimenti nella Corsica del sud\" \/>\n<meta name=\"robots\" content=\"index, follow, max-snippet:-1, max-image-preview:large, max-video-preview:-1\" \/>\n<link rel=\"canonical\" href=\"https:\/\/www.campingesplanade.fr\/it\/attivita\/\" \/>\n<meta property=\"og:locale\" content=\"it_IT\" \/>\n<meta property=\"og:type\" content=\"article\" \/>\n<meta property=\"og:title\" content=\"Attivit\u00e0 e animazioni | Camping l&#039;Esplanade en Corse\" \/>\n<meta property=\"og:description\" content=\"Godetevi tutte le infrastrutture del nostro campeggio a 4 stelle di Olmeto e divertitevi. E divertirsi attraverso molte attivit\u00e0 e intrattenimenti nella Corsica del sud\" \/>\n<meta property=\"og:url\" content=\"https:\/\/www.campingesplanade.fr\/it\/attivita\/\" \/>\n<meta property=\"og:site_name\" content=\"Campeggio l&#039;Esplanade\" \/>\n<meta property=\"article:modified_time\" content=\"2025-08-26T07:20:52+00:00\" \/>\n<meta property=\"og:image\" content=\"https:\/\/www.campingesplanade.fr\/wp-content\/uploads\/2021\/08\/vue-aerienne-du-restaurant.jpg\" \/>\n\t<meta property=\"og:image:width\" content=\"1200\" \/>\n\t<meta property=\"og:image:height\" content=\"800\" \/>\n<meta name=\"twitter:card\" content=\"summary_large_image\" \/>\n<meta name=\"twitter:label1\" content=\"Tempo di lettura stimato\" \/>\n\t<meta name=\"twitter:data1\" content=\"3 minuti\" \/>\n<script type=\"application\/ld+json\" class=\"yoast-schema-graph\">{\"@context\":\"https:\/\/schema.org\",\"@graph\":[{\"@type\":\"WebSite\",\"@id\":\"https:\/\/www.campingesplanade.fr\/#website\",\"url\":\"https:\/\/www.campingesplanade.fr\/\",\"name\":\"Campeggio l'Esplanade\",\"description\":\"Campeggio 3 stelle in Corsica\",\"potentialAction\":[{\"@type\":\"SearchAction\",\"target\":{\"@type\":\"EntryPoint\",\"urlTemplate\":\"https:\/\/www.campingesplanade.fr\/?s={search_term_string}\"},\"query-input\":\"required name=search_term_string\"}],\"inLanguage\":\"it-IT\"},{\"@type\":\"ImageObject\",\"@id\":\"https:\/\/www.campingesplanade.fr\/it\/attivita\/#primaryimage\",\"inLanguage\":\"it-IT\",\"url\":\"https:\/\/www.campingesplanade.fr\/wp-content\/uploads\/2021\/08\/vue-aerienne-du-restaurant.jpg\",\"contentUrl\":\"https:\/\/www.campingesplanade.fr\/wp-content\/uploads\/2021\/08\/vue-aerienne-du-restaurant.jpg\",\"width\":1200,\"height\":800,\"caption\":\"Vue a\\u00e9rienne restaurant et espace aquatique - Zone pour activit\\u00e9s et animations - Camping l'Esplanade \\u00e0 Olmeto\"},{\"@type\":\"WebPage\",\"@id\":\"https:\/\/www.campingesplanade.fr\/it\/attivita\/#webpage\",\"url\":\"https:\/\/www.campingesplanade.fr\/it\/attivita\/\",\"name\":\"Attivit\\u00e0 e animazioni | Camping l'Esplanade en Corse\",\"isPartOf\":{\"@id\":\"https:\/\/www.campingesplanade.fr\/#website\"},\"primaryImageOfPage\":{\"@id\":\"https:\/\/www.campingesplanade.fr\/it\/attivita\/#primaryimage\"},\"datePublished\":\"2024-07-26T12:29:22+00:00\",\"dateModified\":\"2025-08-26T07:20:52+00:00\",\"description\":\"Godetevi tutte le infrastrutture del nostro campeggio a 4 stelle di Olmeto e divertitevi. E divertirsi attraverso molte attivit\\u00e0 e intrattenimenti nella Corsica del sud\",\"breadcrumb\":{\"@id\":\"https:\/\/www.campingesplanade.fr\/it\/attivita\/#breadcrumb\"},\"inLanguage\":\"it-IT\",\"potentialAction\":[{\"@type\":\"ReadAction\",\"target\":[\"https:\/\/www.campingesplanade.fr\/it\/attivita\/\"]}]},{\"@type\":\"BreadcrumbList\",\"@id\":\"https:\/\/www.campingesplanade.fr\/it\/attivita\/#breadcrumb\",\"itemListElement\":[{\"@type\":\"ListItem\",\"position\":1,\"name\":\"Accueil\",\"item\":\"https:\/\/www.campingesplanade.fr\/it\/\"},{\"@type\":\"ListItem\",\"position\":2,\"name\":\"Attivit\\u00e0 e animazioni\"}]}]}<\/script>\n<!-- \/ Yoast SEO plugin. -->","yoast_head_json":{"title":"Attivit\u00e0 e animazioni | Camping l'Esplanade en Corse","description":"Godetevi tutte le infrastrutture del nostro campeggio a 4 stelle di Olmeto e divertitevi. E divertirsi attraverso molte attivit\u00e0 e intrattenimenti nella Corsica del sud","robots":{"index":"index","follow":"follow","max-snippet":"max-snippet:-1","max-image-preview":"max-image-preview:large","max-video-preview":"max-video-preview:-1"},"canonical":"https:\/\/www.campingesplanade.fr\/it\/attivita\/","og_locale":"it_IT","og_type":"article","og_title":"Attivit\u00e0 e animazioni | Camping l'Esplanade en Corse","og_description":"Godetevi tutte le infrastrutture del nostro campeggio a 4 stelle di Olmeto e divertitevi. E divertirsi attraverso molte attivit\u00e0 e intrattenimenti nella Corsica del sud","og_url":"https:\/\/www.campingesplanade.fr\/it\/attivita\/","og_site_name":"Campeggio l'Esplanade","article_modified_time":"2025-08-26T07:20:52+00:00","og_image":[{"width":1200,"height":800,"url":"https:\/\/www.campingesplanade.fr\/wp-content\/uploads\/2021\/08\/vue-aerienne-du-restaurant.jpg","path":"\/home\/esplanade\/public_html\/wp-content\/uploads\/2021\/08\/vue-aerienne-du-restaurant.jpg","size":"full","id":914,"alt":"Vue a\u00e9rienne restaurant et espace aquatique - Zone pour activit\u00e9s et animations - Camping l'Esplanade \u00e0 Olmeto","pixels":960000,"type":"image\/jpeg"}],"twitter_card":"summary_large_image","twitter_misc":{"Tempo di lettura stimato":"3 minuti"},"schema":{"@context":"https:\/\/schema.org","@graph":[{"@type":"WebSite","@id":"https:\/\/www.campingesplanade.fr\/#website","url":"https:\/\/www.campingesplanade.fr\/","name":"Campeggio l'Esplanade","description":"Campeggio 3 stelle in Corsica","potentialAction":[{"@type":"SearchAction","target":{"@type":"EntryPoint","urlTemplate":"https:\/\/www.campingesplanade.fr\/?s={search_term_string}"},"query-input":"required name=search_term_string"}],"inLanguage":"it-IT"},{"@type":"ImageObject","@id":"https:\/\/www.campingesplanade.fr\/it\/attivita\/#primaryimage","inLanguage":"it-IT","url":"https:\/\/www.campingesplanade.fr\/wp-content\/uploads\/2021\/08\/vue-aerienne-du-restaurant.jpg","contentUrl":"https:\/\/www.campingesplanade.fr\/wp-content\/uploads\/2021\/08\/vue-aerienne-du-restaurant.jpg","width":1200,"height":800,"caption":"Vue a\u00e9rienne restaurant et espace aquatique - Zone pour activit\u00e9s et animations - Camping l'Esplanade \u00e0 Olmeto"},{"@type":"WebPage","@id":"https:\/\/www.campingesplanade.fr\/it\/attivita\/#webpage","url":"https:\/\/www.campingesplanade.fr\/it\/attivita\/","name":"Attivit\u00e0 e animazioni | Camping l'Esplanade en Corse","isPartOf":{"@id":"https:\/\/www.campingesplanade.fr\/#website"},"primaryImageOfPage":{"@id":"https:\/\/www.campingesplanade.fr\/it\/attivita\/#primaryimage"},"datePublished":"2024-07-26T12:29:22+00:00","dateModified":"2025-08-26T07:20:52+00:00","description":"Godetevi tutte le infrastrutture del nostro campeggio a 4 stelle di Olmeto e divertitevi. E divertirsi attraverso molte attivit\u00e0 e intrattenimenti nella Corsica del sud","breadcrumb":{"@id":"https:\/\/www.campingesplanade.fr\/it\/attivita\/#breadcrumb"},"inLanguage":"it-IT","potentialAction":[{"@type":"ReadAction","target":["https:\/\/www.campingesplanade.fr\/it\/attivita\/"]}]},{"@type":"BreadcrumbList","@id":"https:\/\/www.campingesplanade.fr\/it\/attivita\/#breadcrumb","itemListElement":[{"@type":"ListItem","position":1,"name":"Accueil","item":"https:\/\/www.campingesplanade.fr\/it\/"},{"@type":"ListItem","position":2,"name":"Attivit\u00e0 e animazioni"}]}]}},"_links":{"self":[{"href":"https:\/\/www.campingesplanade.fr\/it\/wp-json\/wp\/v2\/pages\/7868"}],"collection":[{"href":"https:\/\/www.campingesplanade.fr\/it\/wp-json\/wp\/v2\/pages"}],"about":[{"href":"https:\/\/www.campingesplanade.fr\/it\/wp-json\/wp\/v2\/types\/page"}],"author":[{"embeddable":true,"href":"https:\/\/www.campingesplanade.fr\/it\/wp-json\/wp\/v2\/users\/1"}],"replies":[{"embeddable":true,"href":"https:\/\/www.campingesplanade.fr\/it\/wp-json\/wp\/v2\/comments?post=7868"}],"version-history":[{"count":2,"href":"https:\/\/www.campingesplanade.fr\/it\/wp-json\/wp\/v2\/pages\/7868\/revisions"}],"predecessor-version":[{"id":7870,"href":"https:\/\/www.campingesplanade.fr\/it\/wp-json\/wp\/v2\/pages\/7868\/revisions\/7870"}],"wp:featuredmedia":[{"embeddable":true,"href":"https:\/\/www.campingesplanade.fr\/it\/wp-json\/wp\/v2\/media\/914"}],"wp:attachment":[{"href":"https:\/\/www.campingesplanade.fr\/it\/wp-json\/wp\/v2\/media?parent=7868"}],"curies":[{"name":"wp","href":"https:\/\/api.w.org\/{rel}","templated":true}]}}