{"id":6634,"date":"2023-09-08T15:24:39","date_gmt":"2023-09-08T13:24:39","guid":{"rendered":"https:\/\/www.campingesplanade.fr\/piazzole-corsica\/"},"modified":"2026-03-26T16:21:30","modified_gmt":"2026-03-26T15:21:30","slug":"piazzole-corsica","status":"publish","type":"page","link":"https:\/\/www.campingesplanade.fr\/it\/piazzole-corsica\/","title":{"rendered":"Piazzole in Corsica"},"content":{"rendered":"\n<div class=\"wp-block-cover alignfull has-background-dim\"><img width=\"2048\" height=\"1153\" class=\"wp-block-cover__image-background wp-image-5547\" alt=\"\" src=\"https:\/\/www.campingesplanade.fr\/wp-content\/uploads\/2024\/06\/IMG_20240529_092618-scaled.jpg\" data-object-fit=\"cover\" srcset=\"https:\/\/www.campingesplanade.fr\/wp-content\/uploads\/2024\/06\/IMG_20240529_092618-scaled.jpg 2048w, https:\/\/www.campingesplanade.fr\/wp-content\/uploads\/2024\/06\/IMG_20240529_092618-300x169.jpg 300w, https:\/\/www.campingesplanade.fr\/wp-content\/uploads\/2024\/06\/IMG_20240529_092618-1024x576.jpg 1024w, https:\/\/www.campingesplanade.fr\/wp-content\/uploads\/2024\/06\/IMG_20240529_092618-768x432.jpg 768w, https:\/\/www.campingesplanade.fr\/wp-content\/uploads\/2024\/06\/IMG_20240529_092618-1536x864.jpg 1536w\" sizes=\"(max-width: 2048px) 100vw, 2048px\" \/><div class=\"wp-block-cover__inner-container\">\n<p class=\"has-large-font-size\"><\/p>\n<\/div><\/div>\n\n\n\n<div class=\"wp-block-group section_recherche-resa\"><div class=\"wp-block-group__inner-container\">\n<ctv-searchbar><\/ctv-searchbar>\n\n\n\n<p class=\"has-text-align-center\">Potete contattarci via e-mail all\u2019indirizzo <a href=\"mailto:campingesplanade@gmail.com\">campingesplanade@gmail.com<\/a> oppure telefonicamente al numero <a itemprop=\"telephone\" href=\"tel:+334 95 76 05 03\">04 95 76 05 03<\/a>.<\/p>\n<\/div><\/div>\n\n\n\n<div class=\"wp-block-group section_introduction\"><div class=\"wp-block-group__inner-container\">\n<h1 class=\"has-text-align-left titi-toto\">Piazzole in Corsica<\/h1>\n\n\n\n<p>L&#8217;Esplanade \u00e8 un piccolo angolo di paradiso nella <strong>Sud della Corsica<\/strong>, un campeggio con servizi di qualit\u00e0. Per le vostre vacanze sull&#8217;Isola della Bellezza, piantate la vostra tenda in una piazzola ombreggiata del nostro <a href=\"https:\/\/www.campingesplanade.fr\/it\/\" target=\"_blank\" rel=\"noreferrer noopener\">campeggio con vista sul mare<\/a>: avrete accesso diretto a una spiaggia di sabbia fine, a meno di 10 minuti a piedi. Una vacanza da sogno, a due passi da Propriano!  <\/p>\n\n\n\n<div style=\"height:20px\" aria-hidden=\"true\" class=\"wp-block-spacer\"><\/div>\n\n\n\n<div class=\"wp-block-columns\">\n<div class=\"wp-block-column\">\n<h2>Piazzola per camper, roulotte o tenda<\/h2>\n\n\n\n<p>Nella cornice paradisiaca del nostro <strong>campeggio di Olmeto<\/strong>, sono disponibili per la prenotazione <strong>105 piazzole tradizionali<\/strong>. Ce n&#8217;\u00e8 per tutti i gusti: troverete piazzole per piantare la vostra <strong>tenda<\/strong> e sistemare la vostra <strong>roulotte<\/strong>, e altre per <strong>camper e furgoni<\/strong>. <\/p>\n\n\n\n<p>Immerse nel cuore di una natura incontaminata, le nostre <strong>piazzole 4 stelle in Corsica<\/strong> sono posizionate su terrazze, con una splendida <strong>vista sul mare e sulle montagne<\/strong>. Alloggiate all&#8217;ombra degli alberi ad alto fusto della tenuta, vi garantiranno un soggiorno piacevole. Indispensabile per un piacevole soggiorno in <strong>tenda o in camper<\/strong>, avrete accesso ai <strong>servizi igienici e alle docce<\/strong>, a cui prestiamo particolare attenzione.  <\/p>\n\n\n\n<p>Dalla vostra <strong>piazzola in Corsica<\/strong>, avrete accesso all&#8217;elettricit\u00e0 e a tutti i nostri servizi a 4 stelle. Potrete noleggiare un frigorifero per rendere il vostro soggiorno ancora pi\u00f9 piacevole, e troverete anche una zona lavanderia e punti di ricarica per veicoli ibridi ed elettrici. <\/p>\n\n\n\n<p>Le <strong>piazzole del nostro campeggio di Olmeto<\/strong> possono ospitare da 2 a 6 persone. Alcune sono dotate di accesso PRM: progettate per le persone a mobilit\u00e0 ridotta, sono adiacenti a un parcheggio adattato. <\/p>\n<\/div>\n<\/div>\n\n\n\n<p class=\"mise-en-avant\">Vi invitiamo a visitare <strong>il nostro sistema di prenotazione online<\/strong> per organizzare il vostro soggiorno.<\/p>\n<\/div><\/div>\n\n\n\n<div class=\"wp-block-columns section_texte-photo\" id=\"appartement\">\n<div class=\"wp-block-column is-vertically-aligned-center\">\n<h2>La vostra piazzola in Corsica<\/h2>\n\n\n\n<p>Sognate una vacanza nel cuore della natura con il comfort di un campeggio a 4 stelle? Allora <strong>il nostro campeggio sul lungomare nel sud della Corsica<\/strong> fa al caso vostro! <\/p>\n\n\n\n<p>Montate la vostra <strong>tenda su una piazzola<\/strong> e godetevi un panorama eccezionale in <strong>riva al mare<\/strong>! Immerso in quasi 5 ettari di verde lussureggiante, trascorrerete le vostre vacanze nel villaggio <strong>montano da cartolina di Olmeto<\/strong>. L&#8217;Esplanade si affaccia sulla sublime spiaggia di sabbia di Campitellu. E se non vi basta, ci sono diverse spiagge nei dintorni, tra cui Calanca, Vetricella e Abbartello.  <\/p>\n\n\n\n<p>Dalla vostra <strong>piazzola in Corsica<\/strong>, approfittate della campagna circostante, ricca di attivit\u00e0 all&#8217;aria aperta. Nelle vicine montagne e nella macchia di quest&#8217;area naturale protetta, approfittate dei sentieri per fare escursioni a piedi, in mountain bike o a cavallo. Naturalmente potete anche optare per attivit\u00e0 acquatiche come le immersioni nelle acque limpide del <a href=\"https:\/\/www.campingesplanade.fr\/it\/dintorni\/\">Golfo di Valinco<\/a> o le gite in barca.  <\/p>\n\n\n\n<p>In questo contesto idilliaco, il <strong>campeggio L&#8217;Esplanade<\/strong> \u00e8 situato in posizione ideale per visitare i luoghi pi\u00f9 belli del <strong>sud della Corsica<\/strong>, a cominciare da Propriano, a soli 10 minuti di distanza. Molti altri luoghi magnifici vi aspettano in un raggio di meno di 30 minuti d&#8217;auto, come i bagni Baracci o la Punta di Cappicciolo. <\/p>\n\n\n\n<div class=\"wp-block-buttons\">\n<div class=\"wp-block-button bouton-reservation\"><a class=\"wp-block-button__link\"> Simula il tuo soggiorno<\/a><\/div>\n<\/div>\n<\/div>\n\n\n\n<div class=\"wp-block-column is-vertically-aligned-top\">\n<div class=\"wp-block-columns\">\n<div class=\"wp-block-column\" style=\"flex-basis:100%\">\n<figure class=\"wp-block-image size-large\"><img width=\"1024\" height=\"576\" src=\"https:\/\/www.campingesplanade.fr\/wp-content\/uploads\/2024\/06\/IMG_3759-1024x576.jpeg\" alt=\"Camping L'esplanade : Img 3759\" class=\"wp-image-5591\" srcset=\"https:\/\/www.campingesplanade.fr\/wp-content\/uploads\/2024\/06\/IMG_3759-1024x576.jpeg 1024w, https:\/\/www.campingesplanade.fr\/wp-content\/uploads\/2024\/06\/IMG_3759-300x169.jpeg 300w, https:\/\/www.campingesplanade.fr\/wp-content\/uploads\/2024\/06\/IMG_3759-768x432.jpeg 768w, https:\/\/www.campingesplanade.fr\/wp-content\/uploads\/2024\/06\/IMG_3759-1536x864.jpeg 1536w, https:\/\/www.campingesplanade.fr\/wp-content\/uploads\/2024\/06\/IMG_3759-scaled.jpeg 2048w\" sizes=\"(max-width: 1024px) 100vw, 1024px\" \/><\/figure>\n<\/div>\n<\/div>\n\n\n\n<p><\/p>\n<\/div>\n<\/div>\n\n\n\n<div class=\"wp-block-group section_redactionnel\"><div class=\"wp-block-group__inner-container\">\n<h2>Un ambiente di mare<\/h2>\n\n\n\n<div class=\"wp-block-columns\">\n<div class=\"wp-block-column\">\n<p>Al <strong>campeggio l&#8217;Esplanade avrete accesso diretto alla spiaggia<\/strong>, che dista solo 700 metri dal cuore del campeggio&#8230; a patto di lasciare la nostra magnifica piscina! Una <a href=\"https:\/\/www.campingesplanade.fr\/it\/campeggio-piscina-propriano\/\" target=\"_blank\" rel=\"noreferrer noopener\">piscina a sfioro riscaldata<\/a> con vista panoramica sul mare: un paradiso! Con sedie a sdraio e ombrelloni e una piccola piscina per i bambini, l&#8217;area acquatica garantisce relax e divertimento per tutta la famiglia.  <\/p>\n\n\n\n<p>Affinch\u00e9 il vostro soggiorno in una delle nostre <strong>piazzole in Corsica<\/strong> sia memorabile, vi offriamo strutture di alta qualit\u00e0 e tutti i servizi che potete desiderare. In campeggio troverete un negozio di alimentari, dove potrete acquistare pane e dolci. Potrete anche gustare i piatti deliziosi della grande terrazza panoramica del nostro ristorante. Se non volete preoccuparvi di nulla, offriamo l&#8217;opzione di mezza pensione.   <\/p>\n\n\n\n<p>Venite a scoprire la calda atmosfera del nostro campeggio! Vi aspettano tante attivit\u00e0 e divertimenti. Abbiamo un&#8217;area giochi per bambini, un campo polisportivo e attivit\u00e0 ricreative per tutta la famiglia. Una vacanza in cui non mancher\u00e0 nulla!   <\/p>\n<\/div>\n<\/div>\n<\/div><\/div>\n\n\n\n<div class=\"wp-block-cover section_banniere\"><img width=\"1280\" height=\"576\" class=\"wp-block-cover__image-background wp-image-1523\" alt=\"\" src=\"https:\/\/www.campingesplanade.fr\/wp-content\/uploads\/2021\/09\/IMG_7577.webp\" data-object-fit=\"cover\" srcset=\"https:\/\/www.campingesplanade.fr\/wp-content\/uploads\/2021\/09\/IMG_7577.webp 1280w, https:\/\/www.campingesplanade.fr\/wp-content\/uploads\/2021\/09\/IMG_7577-300x135.webp 300w, https:\/\/www.campingesplanade.fr\/wp-content\/uploads\/2021\/09\/IMG_7577-1024x461.webp 1024w, https:\/\/www.campingesplanade.fr\/wp-content\/uploads\/2021\/09\/IMG_7577-768x346.webp 768w\" sizes=\"(max-width: 1280px) 100vw, 1280px\" \/><div class=\"wp-block-cover__inner-container\">\n<p class=\"has-text-align-center has-large-font-size\"><\/p>\n<\/div><\/div>\n","protected":false},"excerpt":{"rendered":"<p>Potete contattarci via e-mail all\u2019indirizzo campingesplanade@gmail.com oppure telefonicamente al numero . Piazzole in Corsica L&#8217;Esplanade \u00e8 un piccolo angolo di paradiso nella Sud della Corsica, un campeggio con servizi di qualit\u00e0. Per le vostre vacanze sull&#8217;Isola della Bellezza, piantate la vostra tenda in una piazzola ombreggiata del nostro campeggio con vista sul mare: avrete accesso [&hellip;]<\/p>\n","protected":false},"author":1,"featured_media":0,"parent":0,"menu_order":0,"comment_status":"closed","ping_status":"closed","template":"","meta":[],"yoast_head":"<!-- This site is optimized with the Yoast SEO plugin v17.2.1 - https:\/\/yoast.com\/wordpress\/plugins\/seo\/ -->\n<title>Piazzole in Corsica<\/title>\n<meta name=\"description\" content=\"Approfittate delle vostre vacanze nella Corsica del Sud soggiornando nella vostra piazzola personale. Che siate in tenda, camper o roulotte, avrete accesso diretto alla spiaggia\" \/>\n<meta name=\"robots\" content=\"index, follow, max-snippet:-1, max-image-preview:large, max-video-preview:-1\" \/>\n<link rel=\"canonical\" href=\"https:\/\/www.campingesplanade.fr\/it\/piazzole-corsica\/\" \/>\n<meta property=\"og:locale\" content=\"it_IT\" \/>\n<meta property=\"og:type\" content=\"article\" \/>\n<meta property=\"og:title\" content=\"Piazzole in Corsica\" \/>\n<meta property=\"og:description\" content=\"Approfittate delle vostre vacanze nella Corsica del Sud soggiornando nella vostra piazzola personale. Che siate in tenda, camper o roulotte, avrete accesso diretto alla spiaggia\" \/>\n<meta property=\"og:url\" content=\"https:\/\/www.campingesplanade.fr\/it\/piazzole-corsica\/\" \/>\n<meta property=\"og:site_name\" content=\"Campeggio l&#039;Esplanade\" \/>\n<meta property=\"article:modified_time\" content=\"2026-03-26T15:21:30+00:00\" \/>\n<meta property=\"og:image\" content=\"https:\/\/www.campingesplanade.fr\/wp-content\/uploads\/2024\/06\/IMG_20240529_092618-scaled.jpg\" \/>\n<meta name=\"twitter:card\" content=\"summary_large_image\" \/>\n<meta name=\"twitter:label1\" content=\"Tempo di lettura stimato\" \/>\n\t<meta name=\"twitter:data1\" content=\"4 minuti\" \/>\n<script type=\"application\/ld+json\" class=\"yoast-schema-graph\">{\"@context\":\"https:\/\/schema.org\",\"@graph\":[{\"@type\":\"WebSite\",\"@id\":\"https:\/\/www.campingesplanade.fr\/#website\",\"url\":\"https:\/\/www.campingesplanade.fr\/\",\"name\":\"Campeggio l'Esplanade\",\"description\":\"Campeggio 3 stelle in Corsica\",\"potentialAction\":[{\"@type\":\"SearchAction\",\"target\":{\"@type\":\"EntryPoint\",\"urlTemplate\":\"https:\/\/www.campingesplanade.fr\/?s={search_term_string}\"},\"query-input\":\"required name=search_term_string\"}],\"inLanguage\":\"it-IT\"},{\"@type\":\"ImageObject\",\"@id\":\"https:\/\/www.campingesplanade.fr\/it\/piazzole-corsica\/#primaryimage\",\"inLanguage\":\"it-IT\",\"url\":\"https:\/\/www.campingesplanade.fr\/wp-content\/uploads\/2024\/06\/IMG_20240529_092618-scaled.jpg\",\"contentUrl\":\"https:\/\/www.campingesplanade.fr\/wp-content\/uploads\/2024\/06\/IMG_20240529_092618-scaled.jpg\",\"width\":2048,\"height\":1153,\"caption\":\"Camping L&#039;esplanade : Img 20240529 092618\"},{\"@type\":\"WebPage\",\"@id\":\"https:\/\/www.campingesplanade.fr\/it\/piazzole-corsica\/#webpage\",\"url\":\"https:\/\/www.campingesplanade.fr\/it\/piazzole-corsica\/\",\"name\":\"Piazzole in Corsica\",\"isPartOf\":{\"@id\":\"https:\/\/www.campingesplanade.fr\/#website\"},\"primaryImageOfPage\":{\"@id\":\"https:\/\/www.campingesplanade.fr\/it\/piazzole-corsica\/#primaryimage\"},\"datePublished\":\"2023-09-08T13:24:39+00:00\",\"dateModified\":\"2026-03-26T15:21:30+00:00\",\"description\":\"Approfittate delle vostre vacanze nella Corsica del Sud soggiornando nella vostra piazzola personale. Che siate in tenda, camper o roulotte, avrete accesso diretto alla spiaggia\",\"breadcrumb\":{\"@id\":\"https:\/\/www.campingesplanade.fr\/it\/piazzole-corsica\/#breadcrumb\"},\"inLanguage\":\"it-IT\",\"potentialAction\":[{\"@type\":\"ReadAction\",\"target\":[\"https:\/\/www.campingesplanade.fr\/it\/piazzole-corsica\/\"]}]},{\"@type\":\"BreadcrumbList\",\"@id\":\"https:\/\/www.campingesplanade.fr\/it\/piazzole-corsica\/#breadcrumb\",\"itemListElement\":[{\"@type\":\"ListItem\",\"position\":1,\"name\":\"Accueil\",\"item\":\"https:\/\/www.campingesplanade.fr\/it\/\"},{\"@type\":\"ListItem\",\"position\":2,\"name\":\"Piazzole in Corsica\"}]}]}<\/script>\n<!-- \/ Yoast SEO plugin. -->","yoast_head_json":{"title":"Piazzole in Corsica","description":"Approfittate delle vostre vacanze nella Corsica del Sud soggiornando nella vostra piazzola personale. Che siate in tenda, camper o roulotte, avrete accesso diretto alla spiaggia","robots":{"index":"index","follow":"follow","max-snippet":"max-snippet:-1","max-image-preview":"max-image-preview:large","max-video-preview":"max-video-preview:-1"},"canonical":"https:\/\/www.campingesplanade.fr\/it\/piazzole-corsica\/","og_locale":"it_IT","og_type":"article","og_title":"Piazzole in Corsica","og_description":"Approfittate delle vostre vacanze nella Corsica del Sud soggiornando nella vostra piazzola personale. Che siate in tenda, camper o roulotte, avrete accesso diretto alla spiaggia","og_url":"https:\/\/www.campingesplanade.fr\/it\/piazzole-corsica\/","og_site_name":"Campeggio l'Esplanade","article_modified_time":"2026-03-26T15:21:30+00:00","og_image":[{"url":"https:\/\/www.campingesplanade.fr\/wp-content\/uploads\/2024\/06\/IMG_20240529_092618-scaled.jpg"}],"twitter_card":"summary_large_image","twitter_misc":{"Tempo di lettura stimato":"4 minuti"},"schema":{"@context":"https:\/\/schema.org","@graph":[{"@type":"WebSite","@id":"https:\/\/www.campingesplanade.fr\/#website","url":"https:\/\/www.campingesplanade.fr\/","name":"Campeggio l'Esplanade","description":"Campeggio 3 stelle in Corsica","potentialAction":[{"@type":"SearchAction","target":{"@type":"EntryPoint","urlTemplate":"https:\/\/www.campingesplanade.fr\/?s={search_term_string}"},"query-input":"required name=search_term_string"}],"inLanguage":"it-IT"},{"@type":"ImageObject","@id":"https:\/\/www.campingesplanade.fr\/it\/piazzole-corsica\/#primaryimage","inLanguage":"it-IT","url":"https:\/\/www.campingesplanade.fr\/wp-content\/uploads\/2024\/06\/IMG_20240529_092618-scaled.jpg","contentUrl":"https:\/\/www.campingesplanade.fr\/wp-content\/uploads\/2024\/06\/IMG_20240529_092618-scaled.jpg","width":2048,"height":1153,"caption":"Camping L&#039;esplanade : Img 20240529 092618"},{"@type":"WebPage","@id":"https:\/\/www.campingesplanade.fr\/it\/piazzole-corsica\/#webpage","url":"https:\/\/www.campingesplanade.fr\/it\/piazzole-corsica\/","name":"Piazzole in Corsica","isPartOf":{"@id":"https:\/\/www.campingesplanade.fr\/#website"},"primaryImageOfPage":{"@id":"https:\/\/www.campingesplanade.fr\/it\/piazzole-corsica\/#primaryimage"},"datePublished":"2023-09-08T13:24:39+00:00","dateModified":"2026-03-26T15:21:30+00:00","description":"Approfittate delle vostre vacanze nella Corsica del Sud soggiornando nella vostra piazzola personale. Che siate in tenda, camper o roulotte, avrete accesso diretto alla spiaggia","breadcrumb":{"@id":"https:\/\/www.campingesplanade.fr\/it\/piazzole-corsica\/#breadcrumb"},"inLanguage":"it-IT","potentialAction":[{"@type":"ReadAction","target":["https:\/\/www.campingesplanade.fr\/it\/piazzole-corsica\/"]}]},{"@type":"BreadcrumbList","@id":"https:\/\/www.campingesplanade.fr\/it\/piazzole-corsica\/#breadcrumb","itemListElement":[{"@type":"ListItem","position":1,"name":"Accueil","item":"https:\/\/www.campingesplanade.fr\/it\/"},{"@type":"ListItem","position":2,"name":"Piazzole in Corsica"}]}]}},"_links":{"self":[{"href":"https:\/\/www.campingesplanade.fr\/it\/wp-json\/wp\/v2\/pages\/6634"}],"collection":[{"href":"https:\/\/www.campingesplanade.fr\/it\/wp-json\/wp\/v2\/pages"}],"about":[{"href":"https:\/\/www.campingesplanade.fr\/it\/wp-json\/wp\/v2\/types\/page"}],"author":[{"embeddable":true,"href":"https:\/\/www.campingesplanade.fr\/it\/wp-json\/wp\/v2\/users\/1"}],"replies":[{"embeddable":true,"href":"https:\/\/www.campingesplanade.fr\/it\/wp-json\/wp\/v2\/comments?post=6634"}],"version-history":[{"count":4,"href":"https:\/\/www.campingesplanade.fr\/it\/wp-json\/wp\/v2\/pages\/6634\/revisions"}],"predecessor-version":[{"id":8937,"href":"https:\/\/www.campingesplanade.fr\/it\/wp-json\/wp\/v2\/pages\/6634\/revisions\/8937"}],"wp:attachment":[{"href":"https:\/\/www.campingesplanade.fr\/it\/wp-json\/wp\/v2\/media?parent=6634"}],"curies":[{"name":"wp","href":"https:\/\/api.w.org\/{rel}","templated":true}]}}