{"id":7911,"date":"2024-07-26T14:29:22","date_gmt":"2024-07-26T12:29:22","guid":{"rendered":"https:\/\/www.campingesplanade.fr\/aktivitaten-animationen\/"},"modified":"2025-08-26T16:19:00","modified_gmt":"2025-08-26T14:19:00","slug":"aktivitaten-animationen","status":"publish","type":"page","link":"https:\/\/www.campingesplanade.fr\/de\/aktivitaten-animationen\/","title":{"rendered":"Aktivit\u00e4ten und Animationen"},"content":{"rendered":"\n<section class=\"wp-block-group section_header-home slider\">\n<figure class=\"wp-block-gallery columns-2 is-cropped section_diaporama\"><ul class=\"blocks-gallery-grid\"><li class=\"blocks-gallery-item\"><figure><img width=\"1200\" height=\"800\" src=\"https:\/\/www.campingesplanade.fr\/wp-content\/uploads\/2021\/08\/vue-aerienne-du-restaurant.jpg\" alt=\"Ausblick Luftfahrt Restaurant und Raum Wassersport - Bereich f&#xFC;r Aktivit&#xE4;ten und Animationen - Camping l'Esplanade in Olmeto\" data-id=\"911\" data-full-url=\"https:\/\/www.campingesplanade.fr\/wp-content\/uploads\/2021\/08\/vue-aerienne-du-restaurant.jpg\" data-link=\"https:\/\/www.campingesplanade.fr\/transport\/vue-aerienne-du-restaurant\/\" class=\"wp-image-911\" srcset=\"https:\/\/www.campingesplanade.fr\/wp-content\/uploads\/2021\/08\/vue-aerienne-du-restaurant.jpg 1200w, https:\/\/www.campingesplanade.fr\/wp-content\/uploads\/2021\/08\/vue-aerienne-du-restaurant-300x200.jpg 300w, https:\/\/www.campingesplanade.fr\/wp-content\/uploads\/2021\/08\/vue-aerienne-du-restaurant-1024x683.jpg 1024w, https:\/\/www.campingesplanade.fr\/wp-content\/uploads\/2021\/08\/vue-aerienne-du-restaurant-768x512.jpg 768w\" sizes=\"(max-width: 1200px) 100vw, 1200px\" \/><figcaption class=\"blocks-gallery-item__caption\">Vue A\u00e9rienne Du Restaurant<\/figcaption><\/figure><\/li><li class=\"blocks-gallery-item\"><figure><img width=\"1280\" height=\"960\" src=\"https:\/\/www.campingesplanade.fr\/wp-content\/uploads\/2021\/09\/IMG_7603.webp\" alt=\"Camping L'Esplanade: Img 7603\" data-id=\"1565\" data-full-url=\"https:\/\/www.campingesplanade.fr\/wp-content\/uploads\/2021\/09\/IMG_7603.webp\" data-link=\"https:\/\/www.campingesplanade.fr\/services\/img_7603\/\" class=\"wp-image-1565\" srcset=\"https:\/\/www.campingesplanade.fr\/wp-content\/uploads\/2021\/09\/IMG_7603.webp 1280w, https:\/\/www.campingesplanade.fr\/wp-content\/uploads\/2021\/09\/IMG_7603-300x225.webp 300w, https:\/\/www.campingesplanade.fr\/wp-content\/uploads\/2021\/09\/IMG_7603-1024x768.webp 1024w, https:\/\/www.campingesplanade.fr\/wp-content\/uploads\/2021\/09\/IMG_7603-768x576.webp 768w\" sizes=\"(max-width: 1280px) 100vw, 1280px\" \/><\/figure><\/li><\/ul><\/figure>\n\n\n\n<p><\/p>\n<\/section>\n\n<div class=\"wp-block-group section_introduction\"><div class=\"wp-block-group__inner-container\">\n<h1>Aktivit\u00e4ten und Animationen von unserem Campingplatz in Olmeto<\/h1>\n\n\n\n<p>Zu der Qualit\u00e4t der Unterk\u00fcnfte und Services von unserem <a href=\"https:\/\/www.campingesplanade.fr\/de\/\" target=\"_blank\" rel=\"noreferrer noopener\">Campingplatz. in Olmeto<\/a> kommt alles eine Auswahl von Animationen und Aktivit\u00e4ten hinzu. Der Campingplatz l&#8217;Esplanade setzt einen Ehrenpunkt, Ihnen Aktivit\u00e4ten anzubieten. <strong>Famili\u00e4re und sportliche<\/strong> f\u00fcr dass Sie einen <strong>erfolgreichen UrlaubinKorsika<\/strong>! <\/p>\n<\/div><\/div>\n\n<div class=\"wp-block-group section_duo-texte-photo\"><div class=\"wp-block-group__inner-container\">\n<div class=\"wp-block-columns\">\n<div class=\"wp-block-column\">\n<figure class=\"wp-block-gallery columns-3 is-cropped section_diaporama\"><ul class=\"blocks-gallery-grid\"><li class=\"blocks-gallery-item\"><figure><img width=\"1024\" height=\"683\" src=\"https:\/\/www.campingesplanade.fr\/wp-content\/uploads\/2021\/08\/l-aire-de-jeux-1024x683.jpg\" alt=\"Hilfe von Spielen f&#xFC;r Kinder - Aktivit&#xE4;ten auf dem Campingplatz in Olmeto\" data-id=\"953\" data-full-url=\"https:\/\/www.campingesplanade.fr\/wp-content\/uploads\/2021\/08\/l-aire-de-jeux.jpg\" data-link=\"https:\/\/www.campingesplanade.fr\/services\/l-aire-de-jeux\/\" class=\"wp-image-953\" srcset=\"https:\/\/www.campingesplanade.fr\/wp-content\/uploads\/2021\/08\/l-aire-de-jeux-1024x683.jpg 1024w, https:\/\/www.campingesplanade.fr\/wp-content\/uploads\/2021\/08\/l-aire-de-jeux-300x200.jpg 300w, https:\/\/www.campingesplanade.fr\/wp-content\/uploads\/2021\/08\/l-aire-de-jeux-768x512.jpg 768w, https:\/\/www.campingesplanade.fr\/wp-content\/uploads\/2021\/08\/l-aire-de-jeux.jpg 1200w\" sizes=\"(max-width: 1024px) 100vw, 1024px\" \/><\/figure><\/li><li class=\"blocks-gallery-item\"><figure><img width=\"640\" height=\"480\" src=\"https:\/\/www.campingesplanade.fr\/wp-content\/uploads\/2022\/03\/IMG_7611.jpg\" alt=\"Vakanzen um den Pool auf dem Campingplatz in Olmeto - Animationen und Aktivit&#xE4;ten\" data-id=\"2687\" data-full-url=\"https:\/\/www.campingesplanade.fr\/wp-content\/uploads\/2022\/03\/IMG_7611.jpg\" data-link=\"https:\/\/www.campingesplanade.fr\/services\/img_7611-2\/\" class=\"wp-image-2687\" srcset=\"https:\/\/www.campingesplanade.fr\/wp-content\/uploads\/2022\/03\/IMG_7611.jpg 640w, https:\/\/www.campingesplanade.fr\/wp-content\/uploads\/2022\/03\/IMG_7611-300x225.jpg 300w\" sizes=\"(max-width: 640px) 100vw, 640px\" \/><\/figure><\/li><li class=\"blocks-gallery-item\"><figure><img width=\"640\" height=\"480\" src=\"https:\/\/www.campingesplanade.fr\/wp-content\/uploads\/2022\/04\/IMG_8089.jpg\" alt=\"Bouleplatz f&#xFC;r Animationen und Aktivit&#xE4;ten auf dem Campingplatz L'Esplanade in Olmeto\" data-id=\"2782\" data-full-url=\"https:\/\/www.campingesplanade.fr\/wp-content\/uploads\/2022\/04\/IMG_8089.jpg\" data-link=\"https:\/\/www.campingesplanade.fr\/services\/img_8089\/\" class=\"wp-image-2782\" srcset=\"https:\/\/www.campingesplanade.fr\/wp-content\/uploads\/2022\/04\/IMG_8089.jpg 640w, https:\/\/www.campingesplanade.fr\/wp-content\/uploads\/2022\/04\/IMG_8089-300x225.jpg 300w\" sizes=\"(max-width: 640px) 100vw, 640px\" \/><\/figure><\/li><\/ul><\/figure>\n\n\n\n<p><\/p>\n<\/div>\n\n\n\n<div class=\"wp-block-column is-vertically-aligned-center\">\n<h2>Aktivit\u00e4ten und Animationen f\u00fcr die ganze Familie die Familie<\/h2>\n\n\n\n<p><strong>Die Teams von unserem Campingplatz in Olmeto<\/strong> haben ein Ziel: Sie dazu zu bringen, den besten Urlaub zu machen m\u00f6glich in Corse-du-Sud! F\u00fcr diese hat der Campingplatz l&#8217;Esplanade alles vorgesehen, mit Bereichen speziell f\u00fcr Spa\u00df und <strong>Aktivit\u00e4ten famili\u00e4re<\/strong>. <\/p>\n\n\n\n<p>So entdecken Sie einen <strong>Spielplatz f\u00fcr Kinder<\/strong> mit einer <strong>Rutsche<\/strong>, die immer wieder f\u00fcr Spa\u00df sorgt! Ganz in der N\u00e4he befinden sich Tischtennisplatten f\u00fcr spannende Partien mit Ihren neuen Campingfreunden. <\/p>\n\n\n\n<p>Ein weiteres Highlight ist der <strong>Bouleplatz<\/strong>, auf dem wunderbare Momente der Geselligkeit geteilt werden. Wetten, dass Sie im Laufe des Urlaubs immer geschickter werden und an den von unseren Animateuren organisierten <strong>Boule-Wettbewerben<\/strong> teilnehmen? <\/p>\n\n\n\n<p>F\u00fcr Urlauber, die nach sportlichen Aktivit\u00e4ten suchen, mangelt es auf dem <strong>Campingplatz L\u2019Esplanade<\/strong> nicht an M\u00f6glichkeiten, sich auszupowern. Ein <strong>Fitnessbereich<\/strong> hilft Ihnen, in Form zu bleiben, und auf dem <strong>Multisportfeld<\/strong> k\u00f6nnen Sie Fu\u00dfball-, Basketball- oder Handballspiele austragen. <\/p>\n\n\n\n<p><\/p>\n<\/div>\n<\/div>\n\n\n\n<div style=\"height:20px\" aria-hidden=\"true\" class=\"wp-block-spacer\"><\/div>\n\n\n\n<p>Am Abend erwarten Sie in Olmeto unvergessliche Momente voller Geselligkeit und Unterhaltung. Auf dem Programm der Animationen: gem\u00fctliche Abendessen im Restaurant mit Blick auf den Golf von Valinco-Propriano, Konzerte, musikalische Abende am <a href=\"https:\/\/www.campingesplanade.fr\/de\/camping-pool-propriano\/\" target=\"_blank\" rel=\"noreferrer noopener\">Pool<\/a>\u2026 oder direkt im Wasser! Eine perfekte Gelegenheit, neue Kontakte zu kn\u00fcpfen und den Urlaub in vollen Z\u00fcgen zu genie\u00dfen.  <\/p>\n<\/div><\/div>\n\n<div class=\"wp-block-columns section_listing\">\n<div class=\"wp-block-column contenu\" style=\"flex-basis:100%\">\n<div class=\"wp-block-columns\">\n<div class=\"wp-block-column is-vertically-aligned-center\" style=\"flex-basis:33.33%\">\n<h2 class=\"has-text-align-left\">Sie Nicht Sie Entzug Nicht<br\/>Zu Wir.<\/h2>\n\n\n\n<figure class=\"wp-block-image size-full\"><img width=\"600\" height=\"337\" src=\"https:\/\/www.campingesplanade.fr\/wp-content\/uploads\/2024\/07\/2022-09-22-edited.jpg\" alt=\"Camping L'esplanade : 2022 09 22\" class=\"wp-image-6049\" srcset=\"https:\/\/www.campingesplanade.fr\/wp-content\/uploads\/2024\/07\/2022-09-22-edited.jpg 600w, https:\/\/www.campingesplanade.fr\/wp-content\/uploads\/2024\/07\/2022-09-22-edited-300x169.jpg 300w\" sizes=\"(max-width: 600px) 100vw, 600px\" \/><\/figure>\n<\/div>\n\n\n\n<div class=\"wp-block-column\" style=\"flex-basis:66.66%\">\n<h2>Aktivit\u00e4ten in der Haupt- und Nebensaison<\/h2>\n\n\n\n<p>Ab seiner Er\u00f6ffnung im April bis zum Ende der Saison bietet unser <strong>Campingplatz in S\u00fcdkorsika<\/strong> eine <strong>gro\u00dfe Auswahl an Aktivit\u00e4ten f\u00fcr alle<\/strong>.<\/p>\n\n\n\n<h3>Aktivit\u00e4ten des Campingplatzes im Juli und August<\/h3>\n\n\n\n<p>Packen Sie Ihre Koffer auf dem Campingplatz L\u2019Esplanade aus und entspannen Sie sich! W\u00e4hlen Sie zwischen unseren <a href=\"https:\/\/www.campingesplanade.fr\/de\/vermietung\/\" target=\"_blank\" rel=\"noreferrer noopener\">Mobilheimen<\/a> und <a href=\"https:\/\/www.campingesplanade.fr\/de\/campingplatze-auf-korsika\/\" target=\"_blank\" rel=\"noreferrer noopener\">Stellpl\u00e4tzen im Herzen Korsikas<\/a> \u2013 Langeweile kommt dank der <strong>w\u00e4hrend der Sommersaison organisierten Aktivit\u00e4ten<\/strong> garantiert nicht auf. Ferien sind die perfekte Zeit, um etwas f\u00fcr sich selbst zu tun: G\u00f6nnen Sie sich Morgeneinheiten mit Wassergymnastik im Infinity-Pool, um den Tag gut zu beginnen. Unsere Teams organisieren au\u00dferdem P\u00e9tanque-Turniere, und auf den Sportpl\u00e4tzen treffen sich die Ballk\u00fcnstler.   <\/p>\n\n\n\n<h3>Aktivit\u00e4ten des Campingplatzes von April bis November<\/h3>\n\n\n\n<p class=\"has-text-align-left\">Wenn Sie sich f\u00fcr einen Aufenthalt auf unserem <strong>Campingplatz in Olmeto<\/strong> au\u00dferhalb der Hauptsaison entscheiden, kommen Sie keineswegs zu kurz. W\u00e4hrend der gesamten \u00d6ffnungszeit des Campingplatzes werden Aktivit\u00e4ten organisiert, um Ihren Urlaub zu bereichern. Der <strong>Spielplatz<\/strong> f\u00fcr Kinder ist von April bis November ge\u00f6ffnet. <strong>Tischtennis und Tischfu\u00dfball<\/strong> geh\u00f6ren ebenfalls zu den dauerhaft verf\u00fcgbaren Einrichtungen, ebenso wie das Multisportfeld \u2013 und nat\u00fcrlich der <strong>Bouleplatz<\/strong>, denn f\u00fcr eine Partie Boule gibt es keine Saison! <\/p>\n<\/div>\n<\/div>\n<\/div>\n<\/div>\n\n<div class=\"wp-block-group section_duo-texte-photo\"><div class=\"wp-block-group__inner-container\">\n<div class=\"wp-block-columns\">\n<div class=\"wp-block-column\">\n<figure class=\"wp-block-gallery columns-3 is-cropped section_diaporama\"><ul class=\"blocks-gallery-grid\"><li class=\"blocks-gallery-item\"><figure><img width=\"636\" height=\"856\" src=\"https:\/\/www.campingesplanade.fr\/wp-content\/uploads\/2021\/07\/baraccinatura.jpg\" alt=\"Baracci Natura - Aktivit&#xE4;t in S&#xFC;dkorsika - Camping L&#x2019;Esplanade\" data-id=\"475\" data-full-url=\"https:\/\/www.campingesplanade.fr\/wp-content\/uploads\/2021\/07\/baraccinatura.jpg\" data-link=\"https:\/\/www.campingesplanade.fr\/alentours\/baracci-natura\/baraccinatura\/\" class=\"wp-image-475\" srcset=\"https:\/\/www.campingesplanade.fr\/wp-content\/uploads\/2021\/07\/baraccinatura.jpg 636w, https:\/\/www.campingesplanade.fr\/wp-content\/uploads\/2021\/07\/baraccinatura-223x300.jpg 223w\" sizes=\"(max-width: 636px) 100vw, 636px\" \/><\/figure><\/li><li class=\"blocks-gallery-item\"><figure><img width=\"1000\" height=\"667\" src=\"https:\/\/www.campingesplanade.fr\/wp-content\/uploads\/2024\/03\/ADO-Vue-de-Propriano.jpg\" alt=\"Golf von Valinco-Propriano - Aktivit&#xE4;ten - Camping L&#x2019;Esplanade \" data-id=\"5027\" data-full-url=\"https:\/\/www.campingesplanade.fr\/wp-content\/uploads\/2024\/03\/ADO-Vue-de-Propriano.jpg\" data-link=\"https:\/\/www.campingesplanade.fr\/ado-vue-de-propriano-2\/\" class=\"wp-image-5027\" srcset=\"https:\/\/www.campingesplanade.fr\/wp-content\/uploads\/2024\/03\/ADO-Vue-de-Propriano.jpg 1000w, https:\/\/www.campingesplanade.fr\/wp-content\/uploads\/2024\/03\/ADO-Vue-de-Propriano-300x200.jpg 300w, https:\/\/www.campingesplanade.fr\/wp-content\/uploads\/2024\/03\/ADO-Vue-de-Propriano-768x512.jpg 768w\" sizes=\"(max-width: 1000px) 100vw, 1000px\" \/><\/figure><\/li><li class=\"blocks-gallery-item\"><figure><img width=\"764\" height=\"520\" src=\"https:\/\/www.campingesplanade.fr\/wp-content\/uploads\/2021\/07\/jjc-hd-campomoro-17-jpeg.jpg\" alt=\"Aktivit&#xE4;t in S&#xFC;dkorsika - Turm von Campomoro - Camping L&#x2019;Esplanade\" data-id=\"485\" data-full-url=\"https:\/\/www.campingesplanade.fr\/wp-content\/uploads\/2021\/07\/jjc-hd-campomoro-17-jpeg.jpg\" data-link=\"https:\/\/www.campingesplanade.fr\/alentours\/la-tour-de-campomoro\/jjc-hd-campomoro-17-jpeg\/\" class=\"wp-image-485\" srcset=\"https:\/\/www.campingesplanade.fr\/wp-content\/uploads\/2021\/07\/jjc-hd-campomoro-17-jpeg.jpg 764w, https:\/\/www.campingesplanade.fr\/wp-content\/uploads\/2021\/07\/jjc-hd-campomoro-17-jpeg-300x204.jpg 300w\" sizes=\"(max-width: 764px) 100vw, 764px\" \/><\/figure><\/li><\/ul><\/figure>\n\n\n\n<p><\/p>\n<\/div>\n\n\n\n<div class=\"wp-block-column is-vertically-aligned-center\">\n<h2>Die Umgebung unseres Campingplatzes in S\u00fcdkorsika entdecken<\/h2>\n\n\n\n<p>Dank seiner perfekten Lage k\u00f6nnen Sie <strong>zahlreiche Aktivit\u00e4ten in der Umgebung unseres Campingplatzes zwischen Olmeto und Propriano genie\u00dfen<\/strong>. Im Herzen des herrlichen <a href=\"https:\/\/www.campingesplanade.fr\/de\/umgebung\/golfe-de-valinco-propriano\/\" target=\"_blank\" rel=\"noreferrer noopener\">Golfs von Valinco-Propriano<\/a> haben Sie direkten Zugang zum Strand, um in das warme Wasser des Mittelmeers einzutauchen, und k\u00f6nnen problemlos zu <strong>Wanderungen oder Mountainbike-Touren im Wald aufbrechen<\/strong>. <\/p>\n\n\n\n<p>Wenn Sie Adrenalin lieben, ist diese Region perfekt daf\u00fcr. Am Meer k\u00f6nnen Sie Jetski fahren, w\u00e4hrend im Landesinneren der <strong>Standort Baracci<\/strong> ein Muss f\u00fcr <strong>Canyoning<\/strong> und <strong>Klettersteige<\/strong> ist. M\u00f6chten Sie in die H\u00f6he? Dann wagen Sie einen Fallschirmsprung \u00fcber dem Golf von Valinco! Die <strong>N\u00e4he zu den Str\u00e4nden<\/strong> erm\u00f6glicht zudem <strong>Tauchen<\/strong>, <strong>Schnorcheln<\/strong> und <strong>Stand-up-Paddling<\/strong>, und Sie finden auch eine gro\u00dfe Auswahl an <strong>Bootsausfl\u00fcgen<\/strong>.    <\/p>\n\n\n\n<p>Die Reiche von der Region Sie wird zu Schuss verleiten. sicher mit alle ein F\u00e4cher von m\u00f6glichen Besch\u00e4ftigungen, die kommen erg\u00e4nzen die <strong>Animationen und Aktivit\u00e4ten des Campingplatzes<\/strong>. l&#8217;Esplanade f\u00fcr Sie machen Sie den besten Urlaub!<\/p>\n<\/div>\n<\/div>\n<\/div><\/div>\n","protected":false},"excerpt":{"rendered":"<p>Aktivit\u00e4ten und Animationen von unserem Campingplatz in Olmeto Zu der Qualit\u00e4t der Unterk\u00fcnfte und Services von unserem Campingplatz. in Olmeto kommt alles eine Auswahl von Animationen und Aktivit\u00e4ten hinzu. Der Campingplatz l&#8217;Esplanade setzt einen Ehrenpunkt, Ihnen Aktivit\u00e4ten anzubieten. Famili\u00e4re und sportliche f\u00fcr dass Sie einen erfolgreichen UrlaubinKorsika! Aktivit\u00e4ten und Animationen f\u00fcr die ganze Familie die [&hellip;]<\/p>\n","protected":false},"author":1,"featured_media":913,"parent":0,"menu_order":0,"comment_status":"closed","ping_status":"closed","template":"","meta":[],"yoast_head":"<!-- This site is optimized with the Yoast SEO plugin v17.2.1 - https:\/\/yoast.com\/wordpress\/plugins\/seo\/ -->\n<title>Aktivit\u00e4ten und Animationen | Camping l&#039;Esplanade in Korsika<\/title>\n<meta name=\"description\" content=\"Genie\u00dfen Sie alle die Infrastruktur unseres Campingplatzes 4 Sterne in Olmeto und haben Sie Spa\u00df. Sie sich bei zahlreichen Aktivit\u00e4ten und Animationen in Korsika.\" \/>\n<meta name=\"robots\" content=\"index, follow, max-snippet:-1, max-image-preview:large, max-video-preview:-1\" \/>\n<link rel=\"canonical\" href=\"https:\/\/www.campingesplanade.fr\/de\/aktivitaten-animationen\/\" \/>\n<meta property=\"og:locale\" content=\"de_DE\" \/>\n<meta property=\"og:type\" content=\"article\" \/>\n<meta property=\"og:title\" content=\"Aktivit\u00e4ten und Animationen | Camping l&#039;Esplanade in Korsika\" \/>\n<meta property=\"og:description\" content=\"Genie\u00dfen Sie alle die Infrastruktur unseres Campingplatzes 4 Sterne in Olmeto und haben Sie Spa\u00df. Sie sich bei zahlreichen Aktivit\u00e4ten und Animationen in Korsika.\" \/>\n<meta property=\"og:url\" content=\"https:\/\/www.campingesplanade.fr\/de\/aktivitaten-animationen\/\" \/>\n<meta property=\"og:site_name\" content=\"Campingplatz l&#039;Esplanade\" \/>\n<meta property=\"article:modified_time\" content=\"2025-08-26T14:19:00+00:00\" \/>\n<meta property=\"og:image\" content=\"https:\/\/www.campingesplanade.fr\/wp-content\/uploads\/2021\/08\/vue-aerienne-du-restaurant.jpg\" \/>\n\t<meta property=\"og:image:width\" content=\"1200\" \/>\n\t<meta property=\"og:image:height\" content=\"800\" \/>\n<meta name=\"twitter:card\" content=\"summary_large_image\" \/>\n<meta name=\"twitter:label1\" content=\"Gesch\u00e4tzte Lesezeit\" \/>\n\t<meta name=\"twitter:data1\" content=\"3 Minuten\" \/>\n<script type=\"application\/ld+json\" class=\"yoast-schema-graph\">{\"@context\":\"https:\/\/schema.org\",\"@graph\":[{\"@type\":\"WebSite\",\"@id\":\"https:\/\/www.campingesplanade.fr\/#website\",\"url\":\"https:\/\/www.campingesplanade.fr\/\",\"name\":\"Campingplatz l'Esplanade\",\"description\":\"3-Sterne-Campingplatz auf Korsika\",\"potentialAction\":[{\"@type\":\"SearchAction\",\"target\":{\"@type\":\"EntryPoint\",\"urlTemplate\":\"https:\/\/www.campingesplanade.fr\/?s={search_term_string}\"},\"query-input\":\"required name=search_term_string\"}],\"inLanguage\":\"de-DE\"},{\"@type\":\"ImageObject\",\"@id\":\"https:\/\/www.campingesplanade.fr\/de\/aktivitaten-animationen\/#primaryimage\",\"inLanguage\":\"de-DE\",\"url\":\"https:\/\/www.campingesplanade.fr\/wp-content\/uploads\/2021\/08\/vue-aerienne-du-restaurant.jpg\",\"contentUrl\":\"https:\/\/www.campingesplanade.fr\/wp-content\/uploads\/2021\/08\/vue-aerienne-du-restaurant.jpg\",\"width\":1200,\"height\":800,\"caption\":\"Vue a\\u00e9rienne restaurant et espace aquatique - Zone pour activit\\u00e9s et animations - Camping l'Esplanade \\u00e0 Olmeto\"},{\"@type\":\"WebPage\",\"@id\":\"https:\/\/www.campingesplanade.fr\/de\/aktivitaten-animationen\/#webpage\",\"url\":\"https:\/\/www.campingesplanade.fr\/de\/aktivitaten-animationen\/\",\"name\":\"Aktivit\\u00e4ten und Animationen | Camping l'Esplanade in Korsika\",\"isPartOf\":{\"@id\":\"https:\/\/www.campingesplanade.fr\/#website\"},\"primaryImageOfPage\":{\"@id\":\"https:\/\/www.campingesplanade.fr\/de\/aktivitaten-animationen\/#primaryimage\"},\"datePublished\":\"2024-07-26T12:29:22+00:00\",\"dateModified\":\"2025-08-26T14:19:00+00:00\",\"description\":\"Genie\\u00dfen Sie alle die Infrastruktur unseres Campingplatzes 4 Sterne in Olmeto und haben Sie Spa\\u00df. Sie sich bei zahlreichen Aktivit\\u00e4ten und Animationen in Korsika.\",\"breadcrumb\":{\"@id\":\"https:\/\/www.campingesplanade.fr\/de\/aktivitaten-animationen\/#breadcrumb\"},\"inLanguage\":\"de-DE\",\"potentialAction\":[{\"@type\":\"ReadAction\",\"target\":[\"https:\/\/www.campingesplanade.fr\/de\/aktivitaten-animationen\/\"]}]},{\"@type\":\"BreadcrumbList\",\"@id\":\"https:\/\/www.campingesplanade.fr\/de\/aktivitaten-animationen\/#breadcrumb\",\"itemListElement\":[{\"@type\":\"ListItem\",\"position\":1,\"name\":\"Accueil\",\"item\":\"https:\/\/www.campingesplanade.fr\/de\/\"},{\"@type\":\"ListItem\",\"position\":2,\"name\":\"Aktivit\\u00e4ten und Animationen\"}]}]}<\/script>\n<!-- \/ Yoast SEO plugin. -->","yoast_head_json":{"title":"Aktivit\u00e4ten und Animationen | Camping l'Esplanade in Korsika","description":"Genie\u00dfen Sie alle die Infrastruktur unseres Campingplatzes 4 Sterne in Olmeto und haben Sie Spa\u00df. Sie sich bei zahlreichen Aktivit\u00e4ten und Animationen in Korsika.","robots":{"index":"index","follow":"follow","max-snippet":"max-snippet:-1","max-image-preview":"max-image-preview:large","max-video-preview":"max-video-preview:-1"},"canonical":"https:\/\/www.campingesplanade.fr\/de\/aktivitaten-animationen\/","og_locale":"de_DE","og_type":"article","og_title":"Aktivit\u00e4ten und Animationen | Camping l'Esplanade in Korsika","og_description":"Genie\u00dfen Sie alle die Infrastruktur unseres Campingplatzes 4 Sterne in Olmeto und haben Sie Spa\u00df. Sie sich bei zahlreichen Aktivit\u00e4ten und Animationen in Korsika.","og_url":"https:\/\/www.campingesplanade.fr\/de\/aktivitaten-animationen\/","og_site_name":"Campingplatz l'Esplanade","article_modified_time":"2025-08-26T14:19:00+00:00","og_image":[{"width":1200,"height":800,"url":"https:\/\/www.campingesplanade.fr\/wp-content\/uploads\/2021\/08\/vue-aerienne-du-restaurant.jpg","path":"\/home\/esplanade\/public_html\/wp-content\/uploads\/2021\/08\/vue-aerienne-du-restaurant.jpg","size":"full","id":913,"alt":"Vue a\u00e9rienne restaurant et espace aquatique - Zone pour activit\u00e9s et animations - Camping l'Esplanade \u00e0 Olmeto","pixels":960000,"type":"image\/jpeg"}],"twitter_card":"summary_large_image","twitter_misc":{"Gesch\u00e4tzte Lesezeit":"3 Minuten"},"schema":{"@context":"https:\/\/schema.org","@graph":[{"@type":"WebSite","@id":"https:\/\/www.campingesplanade.fr\/#website","url":"https:\/\/www.campingesplanade.fr\/","name":"Campingplatz l'Esplanade","description":"3-Sterne-Campingplatz auf Korsika","potentialAction":[{"@type":"SearchAction","target":{"@type":"EntryPoint","urlTemplate":"https:\/\/www.campingesplanade.fr\/?s={search_term_string}"},"query-input":"required name=search_term_string"}],"inLanguage":"de-DE"},{"@type":"ImageObject","@id":"https:\/\/www.campingesplanade.fr\/de\/aktivitaten-animationen\/#primaryimage","inLanguage":"de-DE","url":"https:\/\/www.campingesplanade.fr\/wp-content\/uploads\/2021\/08\/vue-aerienne-du-restaurant.jpg","contentUrl":"https:\/\/www.campingesplanade.fr\/wp-content\/uploads\/2021\/08\/vue-aerienne-du-restaurant.jpg","width":1200,"height":800,"caption":"Vue a\u00e9rienne restaurant et espace aquatique - Zone pour activit\u00e9s et animations - Camping l'Esplanade \u00e0 Olmeto"},{"@type":"WebPage","@id":"https:\/\/www.campingesplanade.fr\/de\/aktivitaten-animationen\/#webpage","url":"https:\/\/www.campingesplanade.fr\/de\/aktivitaten-animationen\/","name":"Aktivit\u00e4ten und Animationen | Camping l'Esplanade in Korsika","isPartOf":{"@id":"https:\/\/www.campingesplanade.fr\/#website"},"primaryImageOfPage":{"@id":"https:\/\/www.campingesplanade.fr\/de\/aktivitaten-animationen\/#primaryimage"},"datePublished":"2024-07-26T12:29:22+00:00","dateModified":"2025-08-26T14:19:00+00:00","description":"Genie\u00dfen Sie alle die Infrastruktur unseres Campingplatzes 4 Sterne in Olmeto und haben Sie Spa\u00df. Sie sich bei zahlreichen Aktivit\u00e4ten und Animationen in Korsika.","breadcrumb":{"@id":"https:\/\/www.campingesplanade.fr\/de\/aktivitaten-animationen\/#breadcrumb"},"inLanguage":"de-DE","potentialAction":[{"@type":"ReadAction","target":["https:\/\/www.campingesplanade.fr\/de\/aktivitaten-animationen\/"]}]},{"@type":"BreadcrumbList","@id":"https:\/\/www.campingesplanade.fr\/de\/aktivitaten-animationen\/#breadcrumb","itemListElement":[{"@type":"ListItem","position":1,"name":"Accueil","item":"https:\/\/www.campingesplanade.fr\/de\/"},{"@type":"ListItem","position":2,"name":"Aktivit\u00e4ten und Animationen"}]}]}},"_links":{"self":[{"href":"https:\/\/www.campingesplanade.fr\/de\/wp-json\/wp\/v2\/pages\/7911"}],"collection":[{"href":"https:\/\/www.campingesplanade.fr\/de\/wp-json\/wp\/v2\/pages"}],"about":[{"href":"https:\/\/www.campingesplanade.fr\/de\/wp-json\/wp\/v2\/types\/page"}],"author":[{"embeddable":true,"href":"https:\/\/www.campingesplanade.fr\/de\/wp-json\/wp\/v2\/users\/1"}],"replies":[{"embeddable":true,"href":"https:\/\/www.campingesplanade.fr\/de\/wp-json\/wp\/v2\/comments?post=7911"}],"version-history":[{"count":3,"href":"https:\/\/www.campingesplanade.fr\/de\/wp-json\/wp\/v2\/pages\/7911\/revisions"}],"predecessor-version":[{"id":7914,"href":"https:\/\/www.campingesplanade.fr\/de\/wp-json\/wp\/v2\/pages\/7911\/revisions\/7914"}],"wp:featuredmedia":[{"embeddable":true,"href":"https:\/\/www.campingesplanade.fr\/de\/wp-json\/wp\/v2\/media\/913"}],"wp:attachment":[{"href":"https:\/\/www.campingesplanade.fr\/de\/wp-json\/wp\/v2\/media?parent=7911"}],"curies":[{"name":"wp","href":"https:\/\/api.w.org\/{rel}","templated":true}]}}