{"id":2023,"date":"2021-07-07T17:18:50","date_gmt":"2021-07-07T15:18:50","guid":{"rendered":"https:\/\/www.campingesplanade.fr\/informationen\/"},"modified":"2025-06-10T12:23:33","modified_gmt":"2025-06-10T10:23:33","slug":"informationen","status":"publish","type":"page","link":"https:\/\/www.campingesplanade.fr\/de\/informationen\/","title":{"rendered":"Informationen"},"content":{"rendered":"\n<figure class=\"wp-block-image alignfull size-full section_banniere\"><img width=\"1920\" height=\"1280\" src=\"https:\/\/www.campingesplanade.fr\/wp-content\/uploads\/2021\/08\/IMG_1737.jpg\" alt=\"Camping L'esplanade : Img 1737\" class=\"wp-image-864\" srcset=\"https:\/\/www.campingesplanade.fr\/wp-content\/uploads\/2021\/08\/IMG_1737.jpg 1920w, https:\/\/www.campingesplanade.fr\/wp-content\/uploads\/2021\/08\/IMG_1737-300x200.jpg 300w, https:\/\/www.campingesplanade.fr\/wp-content\/uploads\/2021\/08\/IMG_1737-1024x683.jpg 1024w, https:\/\/www.campingesplanade.fr\/wp-content\/uploads\/2021\/08\/IMG_1737-768x512.jpg 768w, https:\/\/www.campingesplanade.fr\/wp-content\/uploads\/2021\/08\/IMG_1737-1536x1024.jpg 1536w\" sizes=\"(max-width: 1920px) 100vw, 1920px\" \/><\/figure>\n\n\n\n<div class=\"wp-block-group section_introduction\"><div class=\"wp-block-group__inner-container\">\n<h1>Praktische Informationen<\/h1>\n\n\n\n<p>Hier finden Sie alle Informationen und Unterlagen, die Sie ben\u00f6tigen, um Ihren Aufenthalt auf dem Campingplatz L\u2018Esplanade zu planen.<\/p>\n<\/div><\/div>\n\n\n\n<div class=\"wp-block-columns section_listing\">\n<div class=\"wp-block-column\" style=\"flex-basis:33.33%\">\n<figure class=\"wp-block-image size-large\"><img width=\"1024\" height=\"683\" src=\"https:\/\/www.campingesplanade.fr\/wp-content\/uploads\/2021\/08\/vue-aerienne-du-restaurant-1024x683.jpg\" alt=\"Camping L'Esplanade: Luftaufnahme des Restaurants\" class=\"wp-image-911\" srcset=\"https:\/\/www.campingesplanade.fr\/wp-content\/uploads\/2021\/08\/vue-aerienne-du-restaurant-1024x683.jpg 1024w, https:\/\/www.campingesplanade.fr\/wp-content\/uploads\/2021\/08\/vue-aerienne-du-restaurant-300x200.jpg 300w, https:\/\/www.campingesplanade.fr\/wp-content\/uploads\/2021\/08\/vue-aerienne-du-restaurant-768x512.jpg 768w, https:\/\/www.campingesplanade.fr\/wp-content\/uploads\/2021\/08\/vue-aerienne-du-restaurant.jpg 1200w\" sizes=\"(max-width: 1024px) 100vw, 1024px\" \/><\/figure>\n<\/div>\n\n\n\n<div class=\"wp-block-column contenu\" style=\"flex-basis:50%\">\n<div class=\"wp-block-columns\">\n<div class=\"wp-block-column is-vertically-aligned-center\" style=\"flex-basis:33.33%\">\n<h2>Unterlagen<\/h2>\n<\/div>\n\n\n\n<div class=\"wp-block-column is-vertically-aligned-center\" style=\"flex-basis:66.66%\">\n<i class=\"fal fa-file-pdf\"><\/i>\n\n\n\n<div style=\"height:10px\" aria-hidden=\"true\" class=\"wp-block-spacer\"><\/div>\n\n\n\n<ul><li><a href=\"https:\/\/www.campingesplanade.fr\/wp-content\/uploads\/2021\/04\/plan-esplanade-2026-scaled.jpg\" target=\"_blank\">Plan des Campingplatzes<\/a><\/li><li><a href=\"https:\/\/www.campingesplanade.fr\/wp-content\/uploads\/2021\/04\/Contrat-et-conditions-reservation-2023.pdf\" target=\"_blank\">Vertrag und Buchungsbedingungen<\/a><\/li><li><a href=\"https:\/\/www.campingesplanade.fr\/wp-content\/uploads\/2021\/04\/conditions-assurance-annulation.pdf\" target=\"_blank\">Versicherung f\u00fcr Buchungsstornierung<\/a><\/li><li><a href=\"https:\/\/www.campingesplanade.fr\/wp-content\/uploads\/2021\/04\/Tarifs-2026.pdf\" target=\"_blank\">Preis\u00e4nderungen* vorbehalten<\/a><\/li><li><a href=\"https:\/\/www.campingesplanade.fr\/wp-content\/uploads\/2025\/05\/250425_Restaurant_menu.pdf\" target=\"_blank\">Men\u00fc im Restaurant<\/a><\/li><li><a href=\"https:\/\/www.campingesplanade.fr\/wp-content\/uploads\/2025\/05\/250502_Resto_menu_DP.pdf\" target=\"_blank\">Men\u00fc Halbpension<\/a><\/li><li><a href=\"https:\/\/www.campingesplanade.fr\/wp-content\/uploads\/2025\/06\/250609_livret_accueil_EN_compressed.pdf\" target=\"_blank\">Begr\u00fc\u00dfungsheft<\/a><\/li><li><a href=\"https:\/\/www.campingesplanade.fr\/wp-content\/uploads\/2021\/04\/161025_Esplanade_Groupes_Sportifs_compressed.pdf\" target=\"_blank\">Pr\u00e4sentation<\/a><\/li><li><a href=\"https:\/\/www.campingesplanade.fr\/wp-content\/uploads\/2021\/04\/211025_CE_Partenariat_Esplanade.pdf\" target=\"_blank\">Pr\u00e4sentation CE<\/a><\/li><\/ul>\n<\/div>\n<\/div>\n\n\n\n<div class=\"wp-block-columns\">\n<div class=\"wp-block-column is-vertically-aligned-center\" style=\"flex-basis:33.33%\">\n<h2>Unsere Partner<\/h2>\n\n\n\n<p><\/p>\n<\/div>\n\n\n\n<div class=\"wp-block-column is-vertically-aligned-center\" style=\"flex-basis:66.66%\">\n<i class=\"fal fa-thumbs-up\"><\/i>\n\n\n\n<div style=\"height:10px\" aria-hidden=\"true\" class=\"wp-block-spacer\"><\/div>\n\n\n\n<ul><li><a rel=\"noreferrer noopener\" href=\"http:\/\/www.lacorsedesorigines.com\/\" target=\"_blank\">Office du tourisme du Sartenais Valinco Taravo<\/a><\/li><li><a href=\"https:\/\/www.corsicalinea.com\/\">Corsica Linea<\/a><\/li><li><a href=\"https:\/\/www.campingceyreste.com\/\" rel=\"noreferrer noopener\" target=\"_blank\">Camping Ceyreste- Bouches du Rhone<\/a><\/li><li><a href=\"https:\/\/campingprovencale.com\/\" target=\"_blank\" rel=\"noreferrer noopener\">Camping la Proven\u00e7ale \u00e0 Mandelieu<\/a><\/li><li><a href=\"https:\/\/www.campingesplanade.fr\/wp-content\/uploads\/2025\/06\/250601_Partenaires.pdf\" target=\"_blank\" rel=\"noreferrer noopener\">Unsere partner<\/a><\/li><\/ul>\n<\/div>\n<\/div>\n<\/div>\n\n\n\n<div class=\"wp-block-column gif-corsica\">\n<figure class=\"wp-block-image size-full\"><img width=\"300\" height=\"600\" src=\"https:\/\/www.campingesplanade.fr\/wp-content\/uploads\/2023\/12\/CL_300x600-BAT-300x600-boucle.gif\" alt=\"Camping L'esplanade : Cl 300x600 Bat 300x600 Boucle\" class=\"wp-image-4022\"\/><\/figure>\n<\/div>\n<\/div>\n\n\n\n<div style=\"height:100px\" aria-hidden=\"true\" class=\"wp-block-spacer\"><\/div>\n\n\n\n<div class=\"wp-block-group\"><div class=\"wp-block-group__inner-container\">\n<h2 class=\"has-text-align-center\">Verkehrsmittel und praktische Informationen<\/h2>\n\n\n\n<p class=\"has-text-align-center\"><em>4 Flugh\u00e4fen und 7 H\u00e4fen bedienen Korsika das ganze Jahr \u00fcber vom Festland oder von Italien aus.<\/em><\/p>\n\n\n\n<div class=\"wp-block-columns section_texte-photo no-marge-mob\">\n<div class=\"wp-block-column\">\n<figure class=\"wp-block-image size-full\"><img width=\"640\" height=\"427\" src=\"https:\/\/www.campingesplanade.fr\/wp-content\/uploads\/2023\/09\/IMG_9472.jpg\" alt=\"Camping L'esplanade : Img 9472\" class=\"wp-image-3807\" srcset=\"https:\/\/www.campingesplanade.fr\/wp-content\/uploads\/2023\/09\/IMG_9472.jpg 640w, https:\/\/www.campingesplanade.fr\/wp-content\/uploads\/2023\/09\/IMG_9472-300x200.jpg 300w\" sizes=\"(max-width: 640px) 100vw, 640px\" \/><\/figure>\n<\/div>\n\n\n\n<div class=\"wp-block-column\">\n<p id=\"block-be36be94-2106-432c-bb13-451e96e88a99\">  <i class=\"fal fa-plane\"><\/i>  <\/p>\n\n\n\n<div style=\"height:10px\" aria-hidden=\"true\" class=\"wp-block-spacer\"><\/div>\n\n\n\n<h3>Anreise mit dem Flugzeug<\/h3>\n\n\n\n<p>Dies ist die schnellste Art, nach Korsika zu gelangen. In einer Flugzeit von 1h35 ab Paris stellt erwartet Sie ein kompletter Tapetenwechsel in Rekordzeit!<\/p>\n\n\n\n<p>Wenn Sie eine Woche bleiben, sollten Sie einen Mietwagen auf Korsika in Betracht ziehen. Wenn Sie l\u00e4nger als eine Woche bleiben, ist es besser, mit dem eigenen Fahrzeug nach Korsika zu kommen.<\/p>\n\n\n\n<p>Es gibt vier Flugh\u00e4fen auf Korsika:<\/p>\n\n\n\n<ul><li><strong>Ajaccio<\/strong> (Flughafen Ajaccio Napol\u00e9on Bonaparte)<\/li><li><strong>Bastia<\/strong> (Flughafen Bastia Poretta)<\/li><li><strong>Calvi<\/strong> (Flughafen Calvi Sainte-Catherine)<\/li><li><strong>Figari<\/strong> (Flughafen Figari-S\u00fcdkorsika)<\/li><\/ul>\n\n\n\n<p>Die Tarife variieren je nach Zeitraum und Fluggesellschaft.<\/p>\n<\/div>\n<\/div>\n\n\n\n<p><\/p>\n<\/div><\/div>\n\n\n\n<div class=\"wp-block-group section_redactionnel\"><div class=\"wp-block-group__inner-container\">\n<div class=\"wp-block-columns\">\n<div class=\"wp-block-column\">\n<p><strong><strong>Air Corsica<\/strong> <br><\/strong>Die regionale Fluggesellschaft Air Corsica fliegt das ganze Jahr \u00fcber von Paris, Marseille, Nizza, Lyon und Toulouse aus. Im Sommer verbindet die Fluggesellschaft auch die St\u00e4dte Clermont-Ferrand, Dole, L\u00fcttich, Nantes, Toulon und Rom.<br>Website : <a href=\"http:\/\/www.aircorsica.com\/\" target=\"_blank\" rel=\"noreferrer noopener\">www.aircorsica.com<\/a> <\/p>\n<\/div>\n\n\n\n<div class=\"wp-block-column\">\n<p><strong><strong>Air FranceDie<\/strong> <br>nationale Fluggesellschaft Air France bietet im Sommer in Zusammenarbeit<\/strong> mit Air Corsica zahlreiche Flugverbindungen von den gro\u00dfen franz\u00f6sischen St\u00e4dten aus an.<br>Die Internetseite: <a rel=\"noreferrer noopener\" href=\"https:\/\/www.airfrance.fr\/\" target=\"_blank\">www.airfrance.fr<\/a> <\/p>\n<\/div>\n<\/div>\n\n\n\n<div class=\"wp-block-columns\">\n<div class=\"wp-block-column\">\n<p><strong><strong>Easy Jet<\/strong> <br><\/strong>Easy Jet fliegt die Flugh\u00e4fen Ajaccio, Bastia und Figari vom Flughafen Roissy Charles de Gaule aus an. Sie betreibt auch Fl\u00fcge von Basel-Mulhouse, Genf, London, Lyon und Manchester.<br>Website: <a href=\"https:\/\/www.easyjet.com\/\" target=\"_blank\" rel=\"noreferrer noopener\">www.easyjet.com\/fr<\/a> <\/p>\n<\/div>\n\n\n\n<div class=\"wp-block-column\">\n<p><strong><strong>Xl Airways<\/strong> <br><\/strong>Diese franz\u00f6sische Chartergesellschaft bedient in der Saison die Flugh\u00e4fen Ajaccio, Bastia und Figari.<br>Website: <a href=\"https:\/\/www.xl.com\/\" target=\"_blank\" rel=\"noreferrer noopener\">www.xl.fr<\/a> <\/p>\n<\/div>\n<\/div>\n\n\n\n<div class=\"wp-block-columns\">\n<div class=\"wp-block-column\">\n<p><strong><strong>Volotea :<\/strong> <br><\/strong>Dies ist die neueste Chartergesellschaft, die gerade auf Korsika angekommen ist. Sie f\u00fchrt ganzj\u00e4hrig oder in der Saison Billigfl\u00fcge nach Ajaccio, Bastia oder Figari durch, die von Bordeaux, Toulouse, Montpellier, Nantes, Brest, Caen, Lille oder Stra\u00dfburg abgehen;<br>Website : <a href=\"https:\/\/www.volotea.com\/\" target=\"_blank\" rel=\"noreferrer noopener\">www.volotea.com\/fr<\/a> <\/p>\n<\/div>\n\n\n\n<div class=\"wp-block-column\">\n<p class=\"mise-en-avant\">Viele andere Unternehmen kommen auch nach Korsika. Jedes Jahr wechseln die Betreiber. Z\u00f6gern Sie nicht, ihre Angebote zu \u00fcberpr\u00fcfen. <\/p>\n<\/div>\n<\/div>\n<\/div><\/div>\n\n\n\n<div class=\"wp-block-group section_redactionnel\"><div class=\"wp-block-group__inner-container\">\n<p class=\"has-text-align-center\" id=\"block-be36be94-2106-432c-bb13-451e96e88a99\">  <i class=\"fal fa-ship\"><\/i>  <\/p>\n\n\n\n<h3 class=\"has-text-align-center\">Ankunft mit dem Schiff<\/h3>\n\n\n\n<p class=\"has-text-align-center\">4 Schifffahrtsgesellschaften fahren nach Korsika. Wenn Sie mit dem Boot fahren, ohne Fahrzeug und ohne Kabine, beginnen die ersten Preise f\u00fcr die \u00dcberfahrt zwischen dem Festland und Korsika bei etwa zwanzig Euro! Die Preise variieren je nach Zeitraum und Zeitpunkt der Buchung; Buchen Sie Ihr Ticket so fr\u00fch wie m\u00f6glich, aber beachten Sie, dass es auch am Tag 7 Sonderangebote gibt, also schauen Sie sich die drei Fluggesellschaften genau an, um den besten Preis zu finden!<\/p>\n\n\n\n<div class=\"wp-block-columns\">\n<div class=\"wp-block-column\">\n<p><strong>Corsica Linea<\/strong><br>Corsica Linea ist die Nachfolgerin der ehemaligen SNCM. Sie bedient von Marseille, Nizza und Toulon aus die H\u00e4fen von Ajaccio, Bastia, Propriano, Porto-Vecchio und Ile Rousse. Im Sommer mehrere Uml\u00e4ufe pro Tag.<br>Website Internet : <a rel=\"noreferrer noopener\" href=\"https:\/\/www.corsicalinea.com\/\" target=\"_blank\">www.corsicalinea.com<\/a><\/p>\n\n\n\n<p><em>Hinweis: Tiere sind erlaubt, aber nur im Frachtraum in einem Zwinger.<\/em><\/p>\n<\/div>\n\n\n\n<div class=\"wp-block-column\">\n<p><strong>La Corsica Ferries<\/strong><br>Von Nizza und Toulon aus fahren die &#8222;gelben&#8220; Schiffe nach Ajaccio, Bastia, Calvi und Ile Rousse. Diese private Fluggesellschaft fliegt Bastia auch von Italien aus von Savona oder Livorno aus an. Viele Rotationen im Sommer.<br>Website: <a rel=\"noreferrer noopener\" href=\"https:\/\/www.corsica-ferries.fr\/\" target=\"_blank\">www.corsica-ferries.fr<\/a><\/p>\n\n\n\n<p><em>Hinweis: Tiere sind an Bord des Schiffes erlaubt. Einige Kabinen sind f\u00fcr sie zug\u00e4nglich.<\/em><\/p>\n<\/div>\n<\/div>\n\n\n\n<div class=\"wp-block-columns\">\n<div class=\"wp-block-column\">\n<p><strong>La M\u00e9ridionale<\/strong><br>Diese sehr komfortable franz\u00f6sische gemischte Frachtgesellschaft arbeitet von Marseille aus in Partnerschaft mit der SNCM. Sie bedient direkt die H\u00e4fen Ajaccio, Bastia und Propriano auf Korsika und Porto Torres auf Sardinien von Propriano aus.<br>Website: <a rel=\"noreferrer noopener\" href=\"http:\/\/www.lameridionale.fr\/\" target=\"_blank\">www.lameridionale.fr<\/a><\/p>\n<\/div>\n\n\n\n<div class=\"wp-block-column\">\n<p><strong>La Moby <\/strong><br>Von Italien aus bedient Moby Korsika und andere italienische Inseln<br>Website: <a rel=\"noreferrer noopener\" href=\"https:\/\/www.mobylines.fr\/\" target=\"_blank\">www.mobylines.fr<\/a><\/p>\n<\/div>\n<\/div>\n<\/div><\/div>\n\n\n\n<div class=\"wp-block-columns section_texte-photo no-marge-mob\">\n<div class=\"wp-block-column\" style=\"flex-basis:33.33%\">\n<figure class=\"wp-block-image size-large\"><img width=\"1024\" height=\"525\" src=\"https:\/\/www.campingesplanade.fr\/wp-content\/uploads\/2021\/08\/camping-esplanade-corse-piscine-5-1024x525.jpg\" alt=\"Camping L'Esplanade: Camping Esplanade Korsika Pool 5\" class=\"wp-image-915\" srcset=\"https:\/\/www.campingesplanade.fr\/wp-content\/uploads\/2021\/08\/camping-esplanade-corse-piscine-5-1024x525.jpg 1024w, https:\/\/www.campingesplanade.fr\/wp-content\/uploads\/2021\/08\/camping-esplanade-corse-piscine-5-300x154.jpg 300w, https:\/\/www.campingesplanade.fr\/wp-content\/uploads\/2021\/08\/camping-esplanade-corse-piscine-5-768x393.jpg 768w, https:\/\/www.campingesplanade.fr\/wp-content\/uploads\/2021\/08\/camping-esplanade-corse-piscine-5.jpg 1095w\" sizes=\"(max-width: 1024px) 100vw, 1024px\" \/><\/figure>\n<\/div>\n\n\n\n<div class=\"wp-block-column\" style=\"flex-basis:66.66%\">\n<i class=\"fal fa-car\"><\/i>\n\n\n\n<div style=\"height:10px\" aria-hidden=\"true\" class=\"wp-block-spacer\"><\/div>\n\n\n\n<h3>Anreise mit dem Auto<\/h3>\n\n\n\n<div class=\"wp-block-columns\">\n<div class=\"wp-block-column\">\n<p>Der Campingplatz L\u2018Esplanade befindet sich in der Gemeinde Olmeto, an der Departementstra\u00dfe 157.<\/p>\n\n\n\n<p class=\"mise-en-avant\">Die GPS-Koordinaten des Campingplatzes lauten wie folgt:<br>Latitude N : N 41.6955256<br>Longitude E : 8.8884492<\/p>\n\n\n\n<p>Wenn Sie von Ajaccio \u00fcber die <strong>T40 kommen<\/strong>: Fahren Sie am Dorf Olmeto vorbei und fahren Sie etwa 3 km in Richtung Propriano weiter. Biegen Sie bei der TOTAL-Tankstelle rechts auf die <strong>RD 157<\/strong> in Richtung Porto Pollo ab und fahren Sie 1,3 km weiter, der Campingplatz befindet sich auf der linken Seite.<\/p>\n<\/div>\n\n\n\n<div class=\"wp-block-column\">\n<p>Von Ajaccio aus \u00fcber die RD 157 kommend: nach der Br\u00fccke \u00fcber den Fluss Taravu befindet sich der Campingplatz Esplanade nach etwa 9 km auf der rechten Seite.<\/p>\n\n\n\n<p>Von Propriano kommend: Fahren Sie in Richtung Ajaccio, nehmen Sie die Ausfahrt Propriano (TOTAL-Tankstelle), fahren Sie 4,5 km weiter und biegen Sie links auf die RD 157 in Richtung Porto Pollo ab (eine weitere TOTAL-Tankstelle an der Kreuzung). Dann 1,3 km weiterfahren, der Campingplatz liegt auf der linken Seite.<\/p>\n<\/div>\n<\/div>\n<\/div>\n<\/div>\n\n\n\n<div class=\"wp-block-columns section_texte-photo\">\n<div class=\"wp-block-column\" style=\"flex-basis:66.66%\">\n<i class=\"fal fa-bus\"><\/i>\n\n\n\n<div style=\"height:10px\" aria-hidden=\"true\" class=\"wp-block-spacer\"><\/div>\n\n\n\n<h3>Anreise mit dem Bus<\/h3>\n\n\n\n<div class=\"wp-block-columns\">\n<div class=\"wp-block-column\">\n<p>Von Ajaccio aus verkehrt ein Bus (1 bis 2 Fahrten pro Tag, je nach Saison).<\/p>\n<\/div>\n\n\n\n<div class=\"wp-block-column\">\n<p>Linien, Fahrpl\u00e4ne und Tarife finden Sie hier:<\/p>\n\n\n\n<p><a href=\"http:\/\/www.corsicabus.org\/busAjaccio\/index.html\">http:\/\/www.corsicabus.org\/busAjaccio\/index.html<\/a><\/p>\n<\/div>\n<\/div>\n<\/div>\n\n\n\n<div class=\"wp-block-column\" style=\"flex-basis:33.33%\">\n<figure class=\"wp-block-image size-full\"><img width=\"1024\" height=\"576\" src=\"https:\/\/www.campingesplanade.fr\/wp-content\/uploads\/2021\/08\/itineraire-1024x576-1.jpg\" alt=\"Camping L'Esplanade: Restaurant 1024x576 1\" class=\"wp-image-689\" srcset=\"https:\/\/www.campingesplanade.fr\/wp-content\/uploads\/2021\/08\/itineraire-1024x576-1.jpg 1024w, https:\/\/www.campingesplanade.fr\/wp-content\/uploads\/2021\/08\/itineraire-1024x576-1-300x169.jpg 300w, https:\/\/www.campingesplanade.fr\/wp-content\/uploads\/2021\/08\/itineraire-1024x576-1-768x432.jpg 768w\" sizes=\"(max-width: 1024px) 100vw, 1024px\" \/><\/figure>\n<\/div>\n<\/div>\n","protected":false},"excerpt":{"rendered":"<p>Praktische Informationen Hier finden Sie alle Informationen und Unterlagen, die Sie ben\u00f6tigen, um Ihren Aufenthalt auf dem Campingplatz L\u2018Esplanade zu planen. Unterlagen Unsere Partner Office du tourisme du Sartenais Valinco Taravo Corsica Linea Camping Ceyreste- Bouches du Rhone Camping la Proven\u00e7ale \u00e0 Mandelieu Unsere partner Verkehrsmittel und praktische Informationen 4 Flugh\u00e4fen und 7 H\u00e4fen bedienen [&hellip;]<\/p>\n","protected":false},"author":1,"featured_media":0,"parent":0,"menu_order":0,"comment_status":"closed","ping_status":"closed","template":"","meta":[],"yoast_head":"<!-- This site is optimized with the Yoast SEO plugin v17.2.1 - https:\/\/yoast.com\/wordpress\/plugins\/seo\/ -->\n<title>Informationen - Campingplatz l&#039;Esplanade<\/title>\n<meta name=\"description\" content=\"Hier finden Sie alle praktischen Informationen \u00fcber unseren 4-Sterne-Campingplatz l&#039;Esplanade auf Korsika. Plan des Campingplatzes, Routen...\" \/>\n<meta name=\"robots\" content=\"index, follow, max-snippet:-1, max-image-preview:large, max-video-preview:-1\" \/>\n<link rel=\"canonical\" href=\"https:\/\/www.campingesplanade.fr\/de\/informationen\/\" \/>\n<meta property=\"og:locale\" content=\"de_DE\" \/>\n<meta property=\"og:type\" content=\"article\" \/>\n<meta property=\"og:title\" content=\"Informationen - Campingplatz l&#039;Esplanade\" \/>\n<meta property=\"og:description\" content=\"Hier finden Sie alle praktischen Informationen \u00fcber unseren 4-Sterne-Campingplatz l&#039;Esplanade auf Korsika. Plan des Campingplatzes, Routen...\" \/>\n<meta property=\"og:url\" content=\"https:\/\/www.campingesplanade.fr\/de\/informationen\/\" \/>\n<meta property=\"og:site_name\" content=\"Campingplatz l&#039;Esplanade\" \/>\n<meta property=\"article:modified_time\" content=\"2025-06-10T10:23:33+00:00\" \/>\n<meta property=\"og:image\" content=\"https:\/\/www.campingesplanade.fr\/wp-content\/uploads\/2021\/08\/IMG_1737.jpg\" \/>\n<meta name=\"twitter:card\" content=\"summary_large_image\" \/>\n<meta name=\"twitter:label1\" content=\"Gesch\u00e4tzte Lesezeit\" \/>\n\t<meta name=\"twitter:data1\" content=\"5 Minuten\" \/>\n<script type=\"application\/ld+json\" class=\"yoast-schema-graph\">{\"@context\":\"https:\/\/schema.org\",\"@graph\":[{\"@type\":\"WebSite\",\"@id\":\"https:\/\/www.campingesplanade.fr\/#website\",\"url\":\"https:\/\/www.campingesplanade.fr\/\",\"name\":\"Campingplatz l'Esplanade\",\"description\":\"3-Sterne-Campingplatz auf Korsika\",\"potentialAction\":[{\"@type\":\"SearchAction\",\"target\":{\"@type\":\"EntryPoint\",\"urlTemplate\":\"https:\/\/www.campingesplanade.fr\/?s={search_term_string}\"},\"query-input\":\"required name=search_term_string\"}],\"inLanguage\":\"de-DE\"},{\"@type\":\"ImageObject\",\"@id\":\"https:\/\/www.campingesplanade.fr\/de\/informationen\/#primaryimage\",\"inLanguage\":\"de-DE\",\"url\":\"https:\/\/www.campingesplanade.fr\/wp-content\/uploads\/2021\/08\/IMG_1737.jpg\",\"contentUrl\":\"https:\/\/www.campingesplanade.fr\/wp-content\/uploads\/2021\/08\/IMG_1737.jpg\",\"width\":1920,\"height\":1280},{\"@type\":\"WebPage\",\"@id\":\"https:\/\/www.campingesplanade.fr\/de\/informationen\/#webpage\",\"url\":\"https:\/\/www.campingesplanade.fr\/de\/informationen\/\",\"name\":\"Informationen - Campingplatz l'Esplanade\",\"isPartOf\":{\"@id\":\"https:\/\/www.campingesplanade.fr\/#website\"},\"primaryImageOfPage\":{\"@id\":\"https:\/\/www.campingesplanade.fr\/de\/informationen\/#primaryimage\"},\"datePublished\":\"2021-07-07T15:18:50+00:00\",\"dateModified\":\"2025-06-10T10:23:33+00:00\",\"description\":\"Hier finden Sie alle praktischen Informationen \\u00fcber unseren 4-Sterne-Campingplatz l'Esplanade auf Korsika. Plan des Campingplatzes, Routen...\",\"breadcrumb\":{\"@id\":\"https:\/\/www.campingesplanade.fr\/de\/informationen\/#breadcrumb\"},\"inLanguage\":\"de-DE\",\"potentialAction\":[{\"@type\":\"ReadAction\",\"target\":[\"https:\/\/www.campingesplanade.fr\/de\/informationen\/\"]}]},{\"@type\":\"BreadcrumbList\",\"@id\":\"https:\/\/www.campingesplanade.fr\/de\/informationen\/#breadcrumb\",\"itemListElement\":[{\"@type\":\"ListItem\",\"position\":1,\"name\":\"Accueil\",\"item\":\"https:\/\/www.campingesplanade.fr\/de\/\"},{\"@type\":\"ListItem\",\"position\":2,\"name\":\"Informationen\"}]}]}<\/script>\n<!-- \/ Yoast SEO plugin. -->","yoast_head_json":{"title":"Informationen - Campingplatz l'Esplanade","description":"Hier finden Sie alle praktischen Informationen \u00fcber unseren 4-Sterne-Campingplatz l'Esplanade auf Korsika. Plan des Campingplatzes, Routen...","robots":{"index":"index","follow":"follow","max-snippet":"max-snippet:-1","max-image-preview":"max-image-preview:large","max-video-preview":"max-video-preview:-1"},"canonical":"https:\/\/www.campingesplanade.fr\/de\/informationen\/","og_locale":"de_DE","og_type":"article","og_title":"Informationen - Campingplatz l'Esplanade","og_description":"Hier finden Sie alle praktischen Informationen \u00fcber unseren 4-Sterne-Campingplatz l'Esplanade auf Korsika. Plan des Campingplatzes, Routen...","og_url":"https:\/\/www.campingesplanade.fr\/de\/informationen\/","og_site_name":"Campingplatz l'Esplanade","article_modified_time":"2025-06-10T10:23:33+00:00","og_image":[{"url":"https:\/\/www.campingesplanade.fr\/wp-content\/uploads\/2021\/08\/IMG_1737.jpg"}],"twitter_card":"summary_large_image","twitter_misc":{"Gesch\u00e4tzte Lesezeit":"5 Minuten"},"schema":{"@context":"https:\/\/schema.org","@graph":[{"@type":"WebSite","@id":"https:\/\/www.campingesplanade.fr\/#website","url":"https:\/\/www.campingesplanade.fr\/","name":"Campingplatz l'Esplanade","description":"3-Sterne-Campingplatz auf Korsika","potentialAction":[{"@type":"SearchAction","target":{"@type":"EntryPoint","urlTemplate":"https:\/\/www.campingesplanade.fr\/?s={search_term_string}"},"query-input":"required name=search_term_string"}],"inLanguage":"de-DE"},{"@type":"ImageObject","@id":"https:\/\/www.campingesplanade.fr\/de\/informationen\/#primaryimage","inLanguage":"de-DE","url":"https:\/\/www.campingesplanade.fr\/wp-content\/uploads\/2021\/08\/IMG_1737.jpg","contentUrl":"https:\/\/www.campingesplanade.fr\/wp-content\/uploads\/2021\/08\/IMG_1737.jpg","width":1920,"height":1280},{"@type":"WebPage","@id":"https:\/\/www.campingesplanade.fr\/de\/informationen\/#webpage","url":"https:\/\/www.campingesplanade.fr\/de\/informationen\/","name":"Informationen - Campingplatz l'Esplanade","isPartOf":{"@id":"https:\/\/www.campingesplanade.fr\/#website"},"primaryImageOfPage":{"@id":"https:\/\/www.campingesplanade.fr\/de\/informationen\/#primaryimage"},"datePublished":"2021-07-07T15:18:50+00:00","dateModified":"2025-06-10T10:23:33+00:00","description":"Hier finden Sie alle praktischen Informationen \u00fcber unseren 4-Sterne-Campingplatz l'Esplanade auf Korsika. Plan des Campingplatzes, Routen...","breadcrumb":{"@id":"https:\/\/www.campingesplanade.fr\/de\/informationen\/#breadcrumb"},"inLanguage":"de-DE","potentialAction":[{"@type":"ReadAction","target":["https:\/\/www.campingesplanade.fr\/de\/informationen\/"]}]},{"@type":"BreadcrumbList","@id":"https:\/\/www.campingesplanade.fr\/de\/informationen\/#breadcrumb","itemListElement":[{"@type":"ListItem","position":1,"name":"Accueil","item":"https:\/\/www.campingesplanade.fr\/de\/"},{"@type":"ListItem","position":2,"name":"Informationen"}]}]}},"_links":{"self":[{"href":"https:\/\/www.campingesplanade.fr\/de\/wp-json\/wp\/v2\/pages\/2023"}],"collection":[{"href":"https:\/\/www.campingesplanade.fr\/de\/wp-json\/wp\/v2\/pages"}],"about":[{"href":"https:\/\/www.campingesplanade.fr\/de\/wp-json\/wp\/v2\/types\/page"}],"author":[{"embeddable":true,"href":"https:\/\/www.campingesplanade.fr\/de\/wp-json\/wp\/v2\/users\/1"}],"replies":[{"embeddable":true,"href":"https:\/\/www.campingesplanade.fr\/de\/wp-json\/wp\/v2\/comments?post=2023"}],"version-history":[{"count":7,"href":"https:\/\/www.campingesplanade.fr\/de\/wp-json\/wp\/v2\/pages\/2023\/revisions"}],"predecessor-version":[{"id":7628,"href":"https:\/\/www.campingesplanade.fr\/de\/wp-json\/wp\/v2\/pages\/2023\/revisions\/7628"}],"wp:attachment":[{"href":"https:\/\/www.campingesplanade.fr\/de\/wp-json\/wp\/v2\/media?parent=2023"}],"curies":[{"name":"wp","href":"https:\/\/api.w.org\/{rel}","templated":true}]}}